{"id":3390,"date":"2024-06-25T18:09:33","date_gmt":"2024-06-25T16:09:33","guid":{"rendered":"https:\/\/rotoflux.com\/calidad\/"},"modified":"2025-03-21T14:30:11","modified_gmt":"2025-03-21T13:30:11","slug":"calidad","status":"publish","type":"page","link":"https:\/\/rotoflux.com\/es\/calidad\/","title":{"rendered":"Calidad"},"content":{"rendered":"<div class=\"av-special-heading av-aiv0hr-0e43ab0621226758e51f77336456dfba av-special-heading-h3 custom-color-heading avia-builder-el-4 el_before_av_textblock avia-builder-el-first \">\n<h3 class=\"av-special-heading-tag\">CALIDAD<\/h3>\n<div class=\"special-heading-border\">\n<div class=\"special-heading-inner-border\">La calidad ROTOFLUX es \u00abcalidad constante a lo largo del tiempo\u00bb, garantizada por la comprobaci\u00f3n de cada una de las juntas antes de su env\u00edo. Los materiales utilizados en la construcci\u00f3n de las juntas son de la m\u00e1xima calidad (acero inoxidable, aceros especiales, lat\u00f3n, carburo, etc.); El minucioso control dimensional al que sometemos todas las piezas garantiza que todas las uniones se ajusten a nuestras especificaciones.<\/div>\n<\/div>\n<\/div>\n<div class=\"av-special-heading av-873je7-9b4f1c01cc461e8dc77679a4c4cbcbb4 av-special-heading-h3 custom-color-heading avia-builder-el-6 el_after_av_textblock el_before_av_textblock \">\n<h3><\/h3>\n<h3 class=\"av-special-heading-tag\">JUNTAS EQUILIBRADAS ROTOFLUX<\/h3>\n<div class=\"special-heading-border\">\n<div class=\"special-heading-inner-border\">Las juntas de carburo sobre grafito se utilizan para el paso de: agua bien filtrada, aceite diat\u00e9rmico, aire y vac\u00edo. Para otros fluidos, como agua sucia, aceite hidr\u00e1ulico, lubricantes refrigerantes, fluidos abrasivos, etc., se utilizan juntas de carburo sobre carburo. Gracias al equilibrado hidr\u00e1ulico, la presi\u00f3n sobre las juntas permanece constante al variar la presi\u00f3n del fluido.<\/div>\n<\/div>\n<\/div>\n","protected":false},"excerpt":{"rendered":"<p>CALIDAD La calidad ROTOFLUX es \u00abcalidad constante a lo largo del tiempo\u00bb, garantizada por la comprobaci\u00f3n de cada una de las juntas antes de su env\u00edo. Los materiales utilizados en la construcci\u00f3n de las juntas son de la m\u00e1xima calidad (acero inoxidable, aceros especiales, lat\u00f3n, carburo, etc.); El minucioso control dimensional al que sometemos todas [&hellip;]<\/p>\n","protected":false},"author":1,"featured_media":0,"parent":0,"menu_order":0,"comment_status":"closed","ping_status":"closed","template":"template-utility.php","meta":{"_acf_changed":false,"footnotes":""},"class_list":["post-3390","page","type-page","status-publish","hentry"],"acf":[],"yoast_head":"<!-- This site is optimized with the Yoast SEO plugin v25.5 - https:\/\/yoast.com\/wordpress\/plugins\/seo\/ -->\n<title>Calidad - Rotoflux<\/title>\n<meta name=\"description\" content=\"La calidad ROTOFLUX es constante y se garantiza con pruebas rigurosas de cada junta rotativa antes de su env\u00edo.\" \/>\n<meta name=\"robots\" content=\"index, follow, max-snippet:-1, max-image-preview:large, max-video-preview:-1\" \/>\n<link rel=\"canonical\" href=\"https:\/\/rotoflux.com\/es\/calidad\/\" \/>\n<meta property=\"og:locale\" content=\"es_ES\" \/>\n<meta property=\"og:type\" content=\"article\" \/>\n<meta property=\"og:title\" content=\"Calidad - Rotoflux\" \/>\n<meta property=\"og:description\" content=\"La calidad ROTOFLUX es constante y se garantiza con pruebas rigurosas de cada junta rotativa antes de su env\u00edo.\" \/>\n<meta property=\"og:url\" content=\"https:\/\/rotoflux.com\/es\/calidad\/\" \/>\n<meta property=\"og:site_name\" content=\"Rotoflux\" \/>\n<meta property=\"article:modified_time\" content=\"2025-03-21T13:30:11+00:00\" \/>\n<meta name=\"twitter:card\" content=\"summary_large_image\" \/>\n<meta name=\"twitter:label1\" content=\"Tiempo de lectura\" \/>\n\t<meta name=\"twitter:data1\" content=\"1 minuto\" \/>\n<script type=\"application\/ld+json\" class=\"yoast-schema-graph\">{\"@context\":\"https:\/\/schema.org\",\"@graph\":[{\"@type\":\"WebPage\",\"@id\":\"https:\/\/rotoflux.com\/es\/calidad\/\",\"url\":\"https:\/\/rotoflux.com\/es\/calidad\/\",\"name\":\"Calidad - Rotoflux\",\"isPartOf\":{\"@id\":\"https:\/\/rotoflux.com\/es\/#website\"},\"datePublished\":\"2024-06-25T16:09:33+00:00\",\"dateModified\":\"2025-03-21T13:30:11+00:00\",\"description\":\"La calidad ROTOFLUX es constante y se garantiza con pruebas rigurosas de cada junta rotativa antes de su env\u00edo.\",\"breadcrumb\":{\"@id\":\"https:\/\/rotoflux.com\/es\/calidad\/#breadcrumb\"},\"inLanguage\":\"es\",\"potentialAction\":[{\"@type\":\"ReadAction\",\"target\":[\"https:\/\/rotoflux.com\/es\/calidad\/\"]}]},{\"@type\":\"BreadcrumbList\",\"@id\":\"https:\/\/rotoflux.com\/es\/calidad\/#breadcrumb\",\"itemListElement\":[{\"@type\":\"ListItem\",\"position\":1,\"name\":\"Home\",\"item\":\"https:\/\/rotoflux.com\/es\/\"},{\"@type\":\"ListItem\",\"position\":2,\"name\":\"Calidad\"}]},{\"@type\":\"WebSite\",\"@id\":\"https:\/\/rotoflux.com\/es\/#website\",\"url\":\"https:\/\/rotoflux.com\/es\/\",\"name\":\"Rotoflux\",\"description\":\"\",\"potentialAction\":[{\"@type\":\"SearchAction\",\"target\":{\"@type\":\"EntryPoint\",\"urlTemplate\":\"https:\/\/rotoflux.com\/es\/?s={search_term_string}\"},\"query-input\":{\"@type\":\"PropertyValueSpecification\",\"valueRequired\":true,\"valueName\":\"search_term_string\"}}],\"inLanguage\":\"es\"}]}<\/script>\n<!-- \/ Yoast SEO plugin. -->","yoast_head_json":{"title":"Calidad - Rotoflux","description":"La calidad ROTOFLUX es constante y se garantiza con pruebas rigurosas de cada junta rotativa antes de su env\u00edo.","robots":{"index":"index","follow":"follow","max-snippet":"max-snippet:-1","max-image-preview":"max-image-preview:large","max-video-preview":"max-video-preview:-1"},"canonical":"https:\/\/rotoflux.com\/es\/calidad\/","og_locale":"es_ES","og_type":"article","og_title":"Calidad - Rotoflux","og_description":"La calidad ROTOFLUX es constante y se garantiza con pruebas rigurosas de cada junta rotativa antes de su env\u00edo.","og_url":"https:\/\/rotoflux.com\/es\/calidad\/","og_site_name":"Rotoflux","article_modified_time":"2025-03-21T13:30:11+00:00","twitter_card":"summary_large_image","twitter_misc":{"Tiempo de lectura":"1 minuto"},"schema":{"@context":"https:\/\/schema.org","@graph":[{"@type":"WebPage","@id":"https:\/\/rotoflux.com\/es\/calidad\/","url":"https:\/\/rotoflux.com\/es\/calidad\/","name":"Calidad - Rotoflux","isPartOf":{"@id":"https:\/\/rotoflux.com\/es\/#website"},"datePublished":"2024-06-25T16:09:33+00:00","dateModified":"2025-03-21T13:30:11+00:00","description":"La calidad ROTOFLUX es constante y se garantiza con pruebas rigurosas de cada junta rotativa antes de su env\u00edo.","breadcrumb":{"@id":"https:\/\/rotoflux.com\/es\/calidad\/#breadcrumb"},"inLanguage":"es","potentialAction":[{"@type":"ReadAction","target":["https:\/\/rotoflux.com\/es\/calidad\/"]}]},{"@type":"BreadcrumbList","@id":"https:\/\/rotoflux.com\/es\/calidad\/#breadcrumb","itemListElement":[{"@type":"ListItem","position":1,"name":"Home","item":"https:\/\/rotoflux.com\/es\/"},{"@type":"ListItem","position":2,"name":"Calidad"}]},{"@type":"WebSite","@id":"https:\/\/rotoflux.com\/es\/#website","url":"https:\/\/rotoflux.com\/es\/","name":"Rotoflux","description":"","potentialAction":[{"@type":"SearchAction","target":{"@type":"EntryPoint","urlTemplate":"https:\/\/rotoflux.com\/es\/?s={search_term_string}"},"query-input":{"@type":"PropertyValueSpecification","valueRequired":true,"valueName":"search_term_string"}}],"inLanguage":"es"}]}},"_links":{"self":[{"href":"https:\/\/rotoflux.com\/es\/wp-json\/wp\/v2\/pages\/3390","targetHints":{"allow":["GET"]}}],"collection":[{"href":"https:\/\/rotoflux.com\/es\/wp-json\/wp\/v2\/pages"}],"about":[{"href":"https:\/\/rotoflux.com\/es\/wp-json\/wp\/v2\/types\/page"}],"author":[{"embeddable":true,"href":"https:\/\/rotoflux.com\/es\/wp-json\/wp\/v2\/users\/1"}],"replies":[{"embeddable":true,"href":"https:\/\/rotoflux.com\/es\/wp-json\/wp\/v2\/comments?post=3390"}],"version-history":[{"count":1,"href":"https:\/\/rotoflux.com\/es\/wp-json\/wp\/v2\/pages\/3390\/revisions"}],"predecessor-version":[{"id":3908,"href":"https:\/\/rotoflux.com\/es\/wp-json\/wp\/v2\/pages\/3390\/revisions\/3908"}],"wp:attachment":[{"href":"https:\/\/rotoflux.com\/es\/wp-json\/wp\/v2\/media?parent=3390"}],"curies":[{"name":"wp","href":"https:\/\/api.w.org\/{rel}","templated":true}]}}