{"id":3389,"date":"2024-06-25T18:10:33","date_gmt":"2024-06-25T16:10:33","guid":{"rendered":"https:\/\/rotoflux.com\/garantia\/"},"modified":"2025-03-21T14:35:21","modified_gmt":"2025-03-21T13:35:21","slug":"garantia","status":"publish","type":"page","link":"https:\/\/rotoflux.com\/es\/garantia\/","title":{"rendered":"Garant\u00eda"},"content":{"rendered":"<p>La societ\u00e0 <strong>ROTOFLUX<\/strong> garantisce che i suoi prodotti sono esenti da difetti di materiale e di lavorazioni.<\/p>\n<p>Durante un periodo de 12 meses a partir de la fecha de env\u00edo, la empresa <strong>ROTOFLUX<\/strong> se compromete a sustituir la pieza defectuosa y a revisar la junta gratuitamente.<\/p>\n<p>La junta defectuosa, no debe desmontarse bajo ning\u00fan concepto (de lo contrario la garant\u00eda quedar\u00e1 anulada) y debe enviarse a la direcci\u00f3n de f\u00e1brica <strong>ROTOFLUJO<\/strong>.<\/p>\n<p>La empresa <strong>ROTOFLUX<\/strong> no se hace responsable de los da\u00f1os causados por el uso incorrecto de las juntas o el uso de juntas o piezas defectuosas.<\/p>\n<p>Ninguna persona est\u00e1 autorizada a alterar las condiciones de garant\u00eda mencionadas.<\/p>\n","protected":false},"excerpt":{"rendered":"<p>La societ\u00e0 ROTOFLUX garantisce che i suoi prodotti sono esenti da difetti di materiale e di lavorazioni. Durante un periodo de 12 meses a partir de la fecha de env\u00edo, la empresa ROTOFLUX se compromete a sustituir la pieza defectuosa y a revisar la junta gratuitamente. La junta defectuosa, no debe desmontarse bajo ning\u00fan concepto [&hellip;]<\/p>\n","protected":false},"author":1,"featured_media":0,"parent":0,"menu_order":0,"comment_status":"closed","ping_status":"closed","template":"template-utility.php","meta":{"_acf_changed":false,"footnotes":""},"class_list":["post-3389","page","type-page","status-publish","hentry"],"acf":[],"yoast_head":"<!-- This site is optimized with the Yoast SEO plugin v25.5 - https:\/\/yoast.com\/wordpress\/plugins\/seo\/ -->\n<title>Garant\u00eda - Rotoflux<\/title>\n<meta name=\"description\" content=\"La empresa ROTOFLUX garantiza que sus productos no presentan defectos de material ni de fabricaci\u00f3n.\" \/>\n<meta name=\"robots\" content=\"index, follow, max-snippet:-1, max-image-preview:large, max-video-preview:-1\" \/>\n<link rel=\"canonical\" href=\"https:\/\/rotoflux.com\/es\/garantia\/\" \/>\n<meta property=\"og:locale\" content=\"es_ES\" \/>\n<meta property=\"og:type\" content=\"article\" \/>\n<meta property=\"og:title\" content=\"Garant\u00eda - Rotoflux\" \/>\n<meta property=\"og:description\" content=\"La empresa ROTOFLUX garantiza que sus productos no presentan defectos de material ni de fabricaci\u00f3n.\" \/>\n<meta property=\"og:url\" content=\"https:\/\/rotoflux.com\/es\/garantia\/\" \/>\n<meta property=\"og:site_name\" content=\"Rotoflux\" \/>\n<meta property=\"article:modified_time\" content=\"2025-03-21T13:35:21+00:00\" \/>\n<meta name=\"twitter:card\" content=\"summary_large_image\" \/>\n<meta name=\"twitter:label1\" content=\"Tiempo de lectura\" \/>\n\t<meta name=\"twitter:data1\" content=\"1 minuto\" \/>\n<script type=\"application\/ld+json\" class=\"yoast-schema-graph\">{\"@context\":\"https:\/\/schema.org\",\"@graph\":[{\"@type\":\"WebPage\",\"@id\":\"https:\/\/rotoflux.com\/es\/garantia\/\",\"url\":\"https:\/\/rotoflux.com\/es\/garantia\/\",\"name\":\"Garant\u00eda - Rotoflux\",\"isPartOf\":{\"@id\":\"https:\/\/rotoflux.com\/es\/#website\"},\"datePublished\":\"2024-06-25T16:10:33+00:00\",\"dateModified\":\"2025-03-21T13:35:21+00:00\",\"description\":\"La empresa ROTOFLUX garantiza que sus productos no presentan defectos de material ni de fabricaci\u00f3n.\",\"breadcrumb\":{\"@id\":\"https:\/\/rotoflux.com\/es\/garantia\/#breadcrumb\"},\"inLanguage\":\"es\",\"potentialAction\":[{\"@type\":\"ReadAction\",\"target\":[\"https:\/\/rotoflux.com\/es\/garantia\/\"]}]},{\"@type\":\"BreadcrumbList\",\"@id\":\"https:\/\/rotoflux.com\/es\/garantia\/#breadcrumb\",\"itemListElement\":[{\"@type\":\"ListItem\",\"position\":1,\"name\":\"Home\",\"item\":\"https:\/\/rotoflux.com\/es\/\"},{\"@type\":\"ListItem\",\"position\":2,\"name\":\"Garant\u00eda\"}]},{\"@type\":\"WebSite\",\"@id\":\"https:\/\/rotoflux.com\/es\/#website\",\"url\":\"https:\/\/rotoflux.com\/es\/\",\"name\":\"Rotoflux\",\"description\":\"\",\"potentialAction\":[{\"@type\":\"SearchAction\",\"target\":{\"@type\":\"EntryPoint\",\"urlTemplate\":\"https:\/\/rotoflux.com\/es\/?s={search_term_string}\"},\"query-input\":{\"@type\":\"PropertyValueSpecification\",\"valueRequired\":true,\"valueName\":\"search_term_string\"}}],\"inLanguage\":\"es\"}]}<\/script>\n<!-- \/ Yoast SEO plugin. -->","yoast_head_json":{"title":"Garant\u00eda - Rotoflux","description":"La empresa ROTOFLUX garantiza que sus productos no presentan defectos de material ni de fabricaci\u00f3n.","robots":{"index":"index","follow":"follow","max-snippet":"max-snippet:-1","max-image-preview":"max-image-preview:large","max-video-preview":"max-video-preview:-1"},"canonical":"https:\/\/rotoflux.com\/es\/garantia\/","og_locale":"es_ES","og_type":"article","og_title":"Garant\u00eda - Rotoflux","og_description":"La empresa ROTOFLUX garantiza que sus productos no presentan defectos de material ni de fabricaci\u00f3n.","og_url":"https:\/\/rotoflux.com\/es\/garantia\/","og_site_name":"Rotoflux","article_modified_time":"2025-03-21T13:35:21+00:00","twitter_card":"summary_large_image","twitter_misc":{"Tiempo de lectura":"1 minuto"},"schema":{"@context":"https:\/\/schema.org","@graph":[{"@type":"WebPage","@id":"https:\/\/rotoflux.com\/es\/garantia\/","url":"https:\/\/rotoflux.com\/es\/garantia\/","name":"Garant\u00eda - Rotoflux","isPartOf":{"@id":"https:\/\/rotoflux.com\/es\/#website"},"datePublished":"2024-06-25T16:10:33+00:00","dateModified":"2025-03-21T13:35:21+00:00","description":"La empresa ROTOFLUX garantiza que sus productos no presentan defectos de material ni de fabricaci\u00f3n.","breadcrumb":{"@id":"https:\/\/rotoflux.com\/es\/garantia\/#breadcrumb"},"inLanguage":"es","potentialAction":[{"@type":"ReadAction","target":["https:\/\/rotoflux.com\/es\/garantia\/"]}]},{"@type":"BreadcrumbList","@id":"https:\/\/rotoflux.com\/es\/garantia\/#breadcrumb","itemListElement":[{"@type":"ListItem","position":1,"name":"Home","item":"https:\/\/rotoflux.com\/es\/"},{"@type":"ListItem","position":2,"name":"Garant\u00eda"}]},{"@type":"WebSite","@id":"https:\/\/rotoflux.com\/es\/#website","url":"https:\/\/rotoflux.com\/es\/","name":"Rotoflux","description":"","potentialAction":[{"@type":"SearchAction","target":{"@type":"EntryPoint","urlTemplate":"https:\/\/rotoflux.com\/es\/?s={search_term_string}"},"query-input":{"@type":"PropertyValueSpecification","valueRequired":true,"valueName":"search_term_string"}}],"inLanguage":"es"}]}},"_links":{"self":[{"href":"https:\/\/rotoflux.com\/es\/wp-json\/wp\/v2\/pages\/3389","targetHints":{"allow":["GET"]}}],"collection":[{"href":"https:\/\/rotoflux.com\/es\/wp-json\/wp\/v2\/pages"}],"about":[{"href":"https:\/\/rotoflux.com\/es\/wp-json\/wp\/v2\/types\/page"}],"author":[{"embeddable":true,"href":"https:\/\/rotoflux.com\/es\/wp-json\/wp\/v2\/users\/1"}],"replies":[{"embeddable":true,"href":"https:\/\/rotoflux.com\/es\/wp-json\/wp\/v2\/comments?post=3389"}],"version-history":[{"count":1,"href":"https:\/\/rotoflux.com\/es\/wp-json\/wp\/v2\/pages\/3389\/revisions"}],"predecessor-version":[{"id":4099,"href":"https:\/\/rotoflux.com\/es\/wp-json\/wp\/v2\/pages\/3389\/revisions\/4099"}],"wp:attachment":[{"href":"https:\/\/rotoflux.com\/es\/wp-json\/wp\/v2\/media?parent=3389"}],"curies":[{"name":"wp","href":"https:\/\/api.w.org\/{rel}","templated":true}]}}