{"id":3386,"date":"2024-06-25T20:02:42","date_gmt":"2024-06-25T18:02:42","guid":{"rendered":"https:\/\/rotoflux.com\/ejemplos-de-aplicacion\/"},"modified":"2025-03-21T14:41:08","modified_gmt":"2025-03-21T13:41:08","slug":"ejemplos-de-aplicacion","status":"publish","type":"page","link":"https:\/\/rotoflux.com\/es\/ejemplos-de-aplicacion\/","title":{"rendered":"Ejemplos de aplicaci\u00f3n"},"content":{"rendered":"<div class=\"row\">\n<div class=\"col-md-6\">\n<h4>Rotoflux de una pasada<\/h4>\n<p><img loading=\"lazy\" decoding=\"async\" class=\"alignnone wp-image-3269 size-full\" src=\"https:\/\/rotoflux.com\/wp-content\/uploads\/2024\/06\/1rotoflux-a-un-passaggio.png\" alt=\"\" width=\"1024\" height=\"683\" srcset=\"https:\/\/rotoflux.com\/wp-content\/uploads\/2024\/06\/1rotoflux-a-un-passaggio.png 1024w, https:\/\/rotoflux.com\/wp-content\/uploads\/2024\/06\/1rotoflux-a-un-passaggio-300x200.png 300w, https:\/\/rotoflux.com\/wp-content\/uploads\/2024\/06\/1rotoflux-a-un-passaggio-768x512.png 768w, https:\/\/rotoflux.com\/wp-content\/uploads\/2024\/06\/1rotoflux-a-un-passaggio-560x374.png 560w, https:\/\/rotoflux.com\/wp-content\/uploads\/2024\/06\/1rotoflux-a-un-passaggio-900x600.png 900w\" sizes=\"auto, (max-width: 1024px) 100vw, 1024px\" \/><\/p>\n<\/div>\n<div class=\"col-md-6\">\n<h4 class=\"av-special-heading-tag\">Sif\u00f3n fijo de doble paso Rotoflux<\/h4>\n<p><img loading=\"lazy\" decoding=\"async\" class=\"alignnone wp-image-3273 size-full\" src=\"https:\/\/rotoflux.com\/wp-content\/uploads\/2024\/06\/2Rotoflux-a-doppio-passaggio-sifone-fisso.png\" alt=\"\" width=\"1024\" height=\"683\" srcset=\"https:\/\/rotoflux.com\/wp-content\/uploads\/2024\/06\/2Rotoflux-a-doppio-passaggio-sifone-fisso.png 1024w, https:\/\/rotoflux.com\/wp-content\/uploads\/2024\/06\/2Rotoflux-a-doppio-passaggio-sifone-fisso-300x200.png 300w, https:\/\/rotoflux.com\/wp-content\/uploads\/2024\/06\/2Rotoflux-a-doppio-passaggio-sifone-fisso-768x512.png 768w, https:\/\/rotoflux.com\/wp-content\/uploads\/2024\/06\/2Rotoflux-a-doppio-passaggio-sifone-fisso-560x374.png 560w, https:\/\/rotoflux.com\/wp-content\/uploads\/2024\/06\/2Rotoflux-a-doppio-passaggio-sifone-fisso-900x600.png 900w\" sizes=\"auto, (max-width: 1024px) 100vw, 1024px\" \/><\/p>\n<\/div>\n<div class=\"col-md-6\">\n<h4 class=\"av-special-heading-tag\">Sif\u00f3n rotativo de doble paso Rotoflux<\/h4>\n<p><img loading=\"lazy\" decoding=\"async\" class=\"alignnone wp-image-3277 size-full\" src=\"https:\/\/rotoflux.com\/wp-content\/uploads\/2024\/06\/3Rotoflux-a-doppio-passaggio-sifone-rotante.png\" alt=\"\" width=\"1024\" height=\"683\" srcset=\"https:\/\/rotoflux.com\/wp-content\/uploads\/2024\/06\/3Rotoflux-a-doppio-passaggio-sifone-rotante.png 1024w, https:\/\/rotoflux.com\/wp-content\/uploads\/2024\/06\/3Rotoflux-a-doppio-passaggio-sifone-rotante-300x200.png 300w, https:\/\/rotoflux.com\/wp-content\/uploads\/2024\/06\/3Rotoflux-a-doppio-passaggio-sifone-rotante-768x512.png 768w, https:\/\/rotoflux.com\/wp-content\/uploads\/2024\/06\/3Rotoflux-a-doppio-passaggio-sifone-rotante-560x374.png 560w, https:\/\/rotoflux.com\/wp-content\/uploads\/2024\/06\/3Rotoflux-a-doppio-passaggio-sifone-rotante-900x600.png 900w\" sizes=\"auto, (max-width: 1024px) 100vw, 1024px\" \/><\/p>\n<\/div>\n<div class=\"col-md-6\">\n<h4 class=\"av-special-heading-tag\">Montaje con roscas G, UNF<\/h4>\n<p><img loading=\"lazy\" decoding=\"async\" class=\"alignnone wp-image-3283 size-full\" src=\"https:\/\/rotoflux.com\/wp-content\/uploads\/2024\/06\/4Montaggio-con-G-filettature-UNF.png\" alt=\"\" width=\"1024\" height=\"683\" srcset=\"https:\/\/rotoflux.com\/wp-content\/uploads\/2024\/06\/4Montaggio-con-G-filettature-UNF.png 1024w, https:\/\/rotoflux.com\/wp-content\/uploads\/2024\/06\/4Montaggio-con-G-filettature-UNF-300x200.png 300w, https:\/\/rotoflux.com\/wp-content\/uploads\/2024\/06\/4Montaggio-con-G-filettature-UNF-768x512.png 768w, https:\/\/rotoflux.com\/wp-content\/uploads\/2024\/06\/4Montaggio-con-G-filettature-UNF-560x374.png 560w, https:\/\/rotoflux.com\/wp-content\/uploads\/2024\/06\/4Montaggio-con-G-filettature-UNF-900x600.png 900w\" sizes=\"auto, (max-width: 1024px) 100vw, 1024px\" \/><\/p>\n<\/div>\n<div class=\"col-md-6\">\n<h4 class=\"av-special-heading-tag\">Montaje con rosca NPT, PT<\/h4>\n<p><img loading=\"lazy\" decoding=\"async\" class=\"alignnone wp-image-3287 size-full\" src=\"https:\/\/rotoflux.com\/wp-content\/uploads\/2024\/06\/5Montaggio-con-NPT-filettature-PT.png\" alt=\"\" width=\"1024\" height=\"683\" srcset=\"https:\/\/rotoflux.com\/wp-content\/uploads\/2024\/06\/5Montaggio-con-NPT-filettature-PT.png 1024w, https:\/\/rotoflux.com\/wp-content\/uploads\/2024\/06\/5Montaggio-con-NPT-filettature-PT-300x200.png 300w, https:\/\/rotoflux.com\/wp-content\/uploads\/2024\/06\/5Montaggio-con-NPT-filettature-PT-768x512.png 768w, https:\/\/rotoflux.com\/wp-content\/uploads\/2024\/06\/5Montaggio-con-NPT-filettature-PT-560x374.png 560w, https:\/\/rotoflux.com\/wp-content\/uploads\/2024\/06\/5Montaggio-con-NPT-filettature-PT-900x600.png 900w\" sizes=\"auto, (max-width: 1024px) 100vw, 1024px\" \/><\/p>\n<\/div>\n<div class=\"col-md-6\">\n<h4 class=\"av-special-heading-tag\">Montaje con rosca y centrado para aplicaciones de alta velocidad<\/h4>\n<p><img loading=\"lazy\" decoding=\"async\" class=\"alignnone wp-image-3291 size-full\" src=\"https:\/\/rotoflux.com\/wp-content\/uploads\/2024\/06\/6Montaggio-con-filettatura-e-centraggio-per-applicazioni-in-alta-velocita.png\" alt=\"\" width=\"1024\" height=\"683\" srcset=\"https:\/\/rotoflux.com\/wp-content\/uploads\/2024\/06\/6Montaggio-con-filettatura-e-centraggio-per-applicazioni-in-alta-velocita.png 1024w, https:\/\/rotoflux.com\/wp-content\/uploads\/2024\/06\/6Montaggio-con-filettatura-e-centraggio-per-applicazioni-in-alta-velocita-300x200.png 300w, https:\/\/rotoflux.com\/wp-content\/uploads\/2024\/06\/6Montaggio-con-filettatura-e-centraggio-per-applicazioni-in-alta-velocita-768x512.png 768w, https:\/\/rotoflux.com\/wp-content\/uploads\/2024\/06\/6Montaggio-con-filettatura-e-centraggio-per-applicazioni-in-alta-velocita-560x374.png 560w, https:\/\/rotoflux.com\/wp-content\/uploads\/2024\/06\/6Montaggio-con-filettatura-e-centraggio-per-applicazioni-in-alta-velocita-900x600.png 900w\" sizes=\"auto, (max-width: 1024px) 100vw, 1024px\" \/><\/p>\n<\/div>\n<div class=\"col-md-6\">\n<h4 class=\"av-special-heading-tag\">Rotor con brida para giro a derecha e izquierda<\/h4>\n<p><img loading=\"lazy\" decoding=\"async\" class=\"alignnone size-full wp-image-3295\" src=\"https:\/\/rotoflux.com\/wp-content\/uploads\/2024\/06\/7Montaggio-con-rotore-flangiato-per-rotazioni-sia-destrorse-che-sinistrorse.png\" alt=\"\" width=\"1024\" height=\"683\" srcset=\"https:\/\/rotoflux.com\/wp-content\/uploads\/2024\/06\/7Montaggio-con-rotore-flangiato-per-rotazioni-sia-destrorse-che-sinistrorse.png 1024w, https:\/\/rotoflux.com\/wp-content\/uploads\/2024\/06\/7Montaggio-con-rotore-flangiato-per-rotazioni-sia-destrorse-che-sinistrorse-300x200.png 300w, https:\/\/rotoflux.com\/wp-content\/uploads\/2024\/06\/7Montaggio-con-rotore-flangiato-per-rotazioni-sia-destrorse-che-sinistrorse-768x512.png 768w, https:\/\/rotoflux.com\/wp-content\/uploads\/2024\/06\/7Montaggio-con-rotore-flangiato-per-rotazioni-sia-destrorse-che-sinistrorse-560x374.png 560w, https:\/\/rotoflux.com\/wp-content\/uploads\/2024\/06\/7Montaggio-con-rotore-flangiato-per-rotazioni-sia-destrorse-che-sinistrorse-900x600.png 900w\" sizes=\"auto, (max-width: 1024px) 100vw, 1024px\" \/><\/p>\n<\/div>\n<div class=\"col-md-6\">\n<h4 class=\"av-special-heading-tag\">Conjunto de tubo sif\u00f3nico de dos piezas, para aplicaciones con tubos sif\u00f3nicos muy largos o velocidades elevadas.<\/h4>\n<p><img loading=\"lazy\" decoding=\"async\" class=\"alignnone size-full wp-image-3299\" src=\"https:\/\/rotoflux.com\/wp-content\/uploads\/2024\/06\/8Montaggio-con-tubo-sifone-in-due-parti-per-applicazioni-con-tubi-sifoni-molto-lunghi-o-alte-velocita.png\" alt=\"\" width=\"1024\" height=\"683\" srcset=\"https:\/\/rotoflux.com\/wp-content\/uploads\/2024\/06\/8Montaggio-con-tubo-sifone-in-due-parti-per-applicazioni-con-tubi-sifoni-molto-lunghi-o-alte-velocita.png 1024w, https:\/\/rotoflux.com\/wp-content\/uploads\/2024\/06\/8Montaggio-con-tubo-sifone-in-due-parti-per-applicazioni-con-tubi-sifoni-molto-lunghi-o-alte-velocita-300x200.png 300w, https:\/\/rotoflux.com\/wp-content\/uploads\/2024\/06\/8Montaggio-con-tubo-sifone-in-due-parti-per-applicazioni-con-tubi-sifoni-molto-lunghi-o-alte-velocita-768x512.png 768w, https:\/\/rotoflux.com\/wp-content\/uploads\/2024\/06\/8Montaggio-con-tubo-sifone-in-due-parti-per-applicazioni-con-tubi-sifoni-molto-lunghi-o-alte-velocita-560x374.png 560w, https:\/\/rotoflux.com\/wp-content\/uploads\/2024\/06\/8Montaggio-con-tubo-sifone-in-due-parti-per-applicazioni-con-tubi-sifoni-molto-lunghi-o-alte-velocita-900x600.png 900w\" sizes=\"auto, (max-width: 1024px) 100vw, 1024px\" \/><\/p>\n<\/div>\n<\/div>\n<p style=\"text-align: center;\"><a class=\"cta\" href=\"https:\/\/rotoflux.com\/wp-content\/uploads\/2024\/07\/esempi-applicativi.pdf\" target=\"_blank\" rel=\"noopener\"><span class=\"rotation\">Descargar ejemplos de aplicaciones<\/span><\/a><\/p>\n","protected":false},"excerpt":{"rendered":"<p>Rotoflux de una pasada Sif\u00f3n fijo de doble paso Rotoflux Sif\u00f3n rotativo de doble paso Rotoflux Montaje con roscas G, UNF Montaje con rosca NPT, PT Montaje con rosca y centrado para aplicaciones de alta velocidad Rotor con brida para giro a derecha e izquierda Conjunto de tubo sif\u00f3nico de dos piezas, para aplicaciones con [&hellip;]<\/p>\n","protected":false},"author":1,"featured_media":0,"parent":0,"menu_order":0,"comment_status":"closed","ping_status":"closed","template":"template-utility.php","meta":{"_acf_changed":false,"footnotes":""},"class_list":["post-3386","page","type-page","status-publish","hentry"],"acf":[],"yoast_head":"<!-- This site is optimized with the Yoast SEO plugin v25.5 - https:\/\/yoast.com\/wordpress\/plugins\/seo\/ -->\n<title>Ejemplos de aplicaci\u00f3n - Rotoflux<\/title>\n<meta name=\"description\" content=\"En esta secci\u00f3n encontrar\u00e1 algunos ejemplos de aplicaci\u00f3n de las juntas rotativas Rotoflux. P\u00f3ngase en contacto con nosotros.\" \/>\n<meta name=\"robots\" content=\"index, follow, max-snippet:-1, max-image-preview:large, max-video-preview:-1\" \/>\n<link rel=\"canonical\" href=\"https:\/\/rotoflux.com\/es\/ejemplos-de-aplicacion\/\" \/>\n<meta property=\"og:locale\" content=\"es_ES\" \/>\n<meta property=\"og:type\" content=\"article\" \/>\n<meta property=\"og:title\" content=\"Ejemplos de aplicaci\u00f3n - Rotoflux\" \/>\n<meta property=\"og:description\" content=\"En esta secci\u00f3n encontrar\u00e1 algunos ejemplos de aplicaci\u00f3n de las juntas rotativas Rotoflux. P\u00f3ngase en contacto con nosotros.\" \/>\n<meta property=\"og:url\" content=\"https:\/\/rotoflux.com\/es\/ejemplos-de-aplicacion\/\" \/>\n<meta property=\"og:site_name\" content=\"Rotoflux\" \/>\n<meta property=\"article:modified_time\" content=\"2025-03-21T13:41:08+00:00\" \/>\n<meta property=\"og:image\" content=\"https:\/\/rotoflux.com\/wp-content\/uploads\/2024\/06\/1rotoflux-a-un-passaggio.png\" \/>\n<meta name=\"twitter:card\" content=\"summary_large_image\" \/>\n<meta name=\"twitter:label1\" content=\"Tiempo de lectura\" \/>\n\t<meta name=\"twitter:data1\" content=\"2 minutos\" \/>\n<script type=\"application\/ld+json\" class=\"yoast-schema-graph\">{\"@context\":\"https:\/\/schema.org\",\"@graph\":[{\"@type\":\"WebPage\",\"@id\":\"https:\/\/rotoflux.com\/es\/ejemplos-de-aplicacion\/\",\"url\":\"https:\/\/rotoflux.com\/es\/ejemplos-de-aplicacion\/\",\"name\":\"Ejemplos de aplicaci\u00f3n - Rotoflux\",\"isPartOf\":{\"@id\":\"https:\/\/rotoflux.com\/es\/#website\"},\"primaryImageOfPage\":{\"@id\":\"https:\/\/rotoflux.com\/es\/ejemplos-de-aplicacion\/#primaryimage\"},\"image\":{\"@id\":\"https:\/\/rotoflux.com\/es\/ejemplos-de-aplicacion\/#primaryimage\"},\"thumbnailUrl\":\"https:\/\/rotoflux.com\/wp-content\/uploads\/2024\/06\/1rotoflux-a-un-passaggio.png\",\"datePublished\":\"2024-06-25T18:02:42+00:00\",\"dateModified\":\"2025-03-21T13:41:08+00:00\",\"description\":\"En esta secci\u00f3n encontrar\u00e1 algunos ejemplos de aplicaci\u00f3n de las juntas rotativas Rotoflux. P\u00f3ngase en contacto con nosotros.\",\"breadcrumb\":{\"@id\":\"https:\/\/rotoflux.com\/es\/ejemplos-de-aplicacion\/#breadcrumb\"},\"inLanguage\":\"es\",\"potentialAction\":[{\"@type\":\"ReadAction\",\"target\":[\"https:\/\/rotoflux.com\/es\/ejemplos-de-aplicacion\/\"]}]},{\"@type\":\"ImageObject\",\"inLanguage\":\"es\",\"@id\":\"https:\/\/rotoflux.com\/es\/ejemplos-de-aplicacion\/#primaryimage\",\"url\":\"https:\/\/rotoflux.com\/wp-content\/uploads\/2024\/06\/1rotoflux-a-un-passaggio.png\",\"contentUrl\":\"https:\/\/rotoflux.com\/wp-content\/uploads\/2024\/06\/1rotoflux-a-un-passaggio.png\"},{\"@type\":\"BreadcrumbList\",\"@id\":\"https:\/\/rotoflux.com\/es\/ejemplos-de-aplicacion\/#breadcrumb\",\"itemListElement\":[{\"@type\":\"ListItem\",\"position\":1,\"name\":\"Home\",\"item\":\"https:\/\/rotoflux.com\/es\/\"},{\"@type\":\"ListItem\",\"position\":2,\"name\":\"Ejemplos de aplicaci\u00f3n\"}]},{\"@type\":\"WebSite\",\"@id\":\"https:\/\/rotoflux.com\/es\/#website\",\"url\":\"https:\/\/rotoflux.com\/es\/\",\"name\":\"Rotoflux\",\"description\":\"\",\"potentialAction\":[{\"@type\":\"SearchAction\",\"target\":{\"@type\":\"EntryPoint\",\"urlTemplate\":\"https:\/\/rotoflux.com\/es\/?s={search_term_string}\"},\"query-input\":{\"@type\":\"PropertyValueSpecification\",\"valueRequired\":true,\"valueName\":\"search_term_string\"}}],\"inLanguage\":\"es\"}]}<\/script>\n<!-- \/ Yoast SEO plugin. -->","yoast_head_json":{"title":"Ejemplos de aplicaci\u00f3n - Rotoflux","description":"En esta secci\u00f3n encontrar\u00e1 algunos ejemplos de aplicaci\u00f3n de las juntas rotativas Rotoflux. P\u00f3ngase en contacto con nosotros.","robots":{"index":"index","follow":"follow","max-snippet":"max-snippet:-1","max-image-preview":"max-image-preview:large","max-video-preview":"max-video-preview:-1"},"canonical":"https:\/\/rotoflux.com\/es\/ejemplos-de-aplicacion\/","og_locale":"es_ES","og_type":"article","og_title":"Ejemplos de aplicaci\u00f3n - Rotoflux","og_description":"En esta secci\u00f3n encontrar\u00e1 algunos ejemplos de aplicaci\u00f3n de las juntas rotativas Rotoflux. P\u00f3ngase en contacto con nosotros.","og_url":"https:\/\/rotoflux.com\/es\/ejemplos-de-aplicacion\/","og_site_name":"Rotoflux","article_modified_time":"2025-03-21T13:41:08+00:00","og_image":[{"url":"https:\/\/rotoflux.com\/wp-content\/uploads\/2024\/06\/1rotoflux-a-un-passaggio.png","type":"","width":"","height":""}],"twitter_card":"summary_large_image","twitter_misc":{"Tiempo de lectura":"2 minutos"},"schema":{"@context":"https:\/\/schema.org","@graph":[{"@type":"WebPage","@id":"https:\/\/rotoflux.com\/es\/ejemplos-de-aplicacion\/","url":"https:\/\/rotoflux.com\/es\/ejemplos-de-aplicacion\/","name":"Ejemplos de aplicaci\u00f3n - Rotoflux","isPartOf":{"@id":"https:\/\/rotoflux.com\/es\/#website"},"primaryImageOfPage":{"@id":"https:\/\/rotoflux.com\/es\/ejemplos-de-aplicacion\/#primaryimage"},"image":{"@id":"https:\/\/rotoflux.com\/es\/ejemplos-de-aplicacion\/#primaryimage"},"thumbnailUrl":"https:\/\/rotoflux.com\/wp-content\/uploads\/2024\/06\/1rotoflux-a-un-passaggio.png","datePublished":"2024-06-25T18:02:42+00:00","dateModified":"2025-03-21T13:41:08+00:00","description":"En esta secci\u00f3n encontrar\u00e1 algunos ejemplos de aplicaci\u00f3n de las juntas rotativas Rotoflux. P\u00f3ngase en contacto con nosotros.","breadcrumb":{"@id":"https:\/\/rotoflux.com\/es\/ejemplos-de-aplicacion\/#breadcrumb"},"inLanguage":"es","potentialAction":[{"@type":"ReadAction","target":["https:\/\/rotoflux.com\/es\/ejemplos-de-aplicacion\/"]}]},{"@type":"ImageObject","inLanguage":"es","@id":"https:\/\/rotoflux.com\/es\/ejemplos-de-aplicacion\/#primaryimage","url":"https:\/\/rotoflux.com\/wp-content\/uploads\/2024\/06\/1rotoflux-a-un-passaggio.png","contentUrl":"https:\/\/rotoflux.com\/wp-content\/uploads\/2024\/06\/1rotoflux-a-un-passaggio.png"},{"@type":"BreadcrumbList","@id":"https:\/\/rotoflux.com\/es\/ejemplos-de-aplicacion\/#breadcrumb","itemListElement":[{"@type":"ListItem","position":1,"name":"Home","item":"https:\/\/rotoflux.com\/es\/"},{"@type":"ListItem","position":2,"name":"Ejemplos de aplicaci\u00f3n"}]},{"@type":"WebSite","@id":"https:\/\/rotoflux.com\/es\/#website","url":"https:\/\/rotoflux.com\/es\/","name":"Rotoflux","description":"","potentialAction":[{"@type":"SearchAction","target":{"@type":"EntryPoint","urlTemplate":"https:\/\/rotoflux.com\/es\/?s={search_term_string}"},"query-input":{"@type":"PropertyValueSpecification","valueRequired":true,"valueName":"search_term_string"}}],"inLanguage":"es"}]}},"_links":{"self":[{"href":"https:\/\/rotoflux.com\/es\/wp-json\/wp\/v2\/pages\/3386","targetHints":{"allow":["GET"]}}],"collection":[{"href":"https:\/\/rotoflux.com\/es\/wp-json\/wp\/v2\/pages"}],"about":[{"href":"https:\/\/rotoflux.com\/es\/wp-json\/wp\/v2\/types\/page"}],"author":[{"embeddable":true,"href":"https:\/\/rotoflux.com\/es\/wp-json\/wp\/v2\/users\/1"}],"replies":[{"embeddable":true,"href":"https:\/\/rotoflux.com\/es\/wp-json\/wp\/v2\/comments?post=3386"}],"version-history":[{"count":5,"href":"https:\/\/rotoflux.com\/es\/wp-json\/wp\/v2\/pages\/3386\/revisions"}],"predecessor-version":[{"id":4103,"href":"https:\/\/rotoflux.com\/es\/wp-json\/wp\/v2\/pages\/3386\/revisions\/4103"}],"wp:attachment":[{"href":"https:\/\/rotoflux.com\/es\/wp-json\/wp\/v2\/media?parent=3386"}],"curies":[{"name":"wp","href":"https:\/\/api.w.org\/{rel}","templated":true}]}}