{"id":3385,"date":"2024-06-25T20:29:40","date_gmt":"2024-06-25T18:29:40","guid":{"rendered":"https:\/\/rotoflux.com\/formulario-de-solicitud\/"},"modified":"2025-03-21T15:29:48","modified_gmt":"2025-03-21T14:29:48","slug":"formulario-de-solicitud","status":"publish","type":"page","link":"https:\/\/rotoflux.com\/es\/formulario-de-solicitud\/","title":{"rendered":"Formulario de solicitud"},"content":{"rendered":"<p>Rellene el siguiente formulario<\/p>\n<p>Recibir\u00e1 un correo electr\u00f3nico de respuesta con el presupuesto, el plazo de entrega y la forma de pago. Una vez realizado el pago, procederemos a enviarle el producto que ha adquirido.<\/p>\n\n<div class=\"wpcf7 no-js\" id=\"wpcf7-f3358-o1\" lang=\"es-ES\" dir=\"ltr\" data-wpcf7-id=\"3358\">\n<div class=\"screen-reader-response\"><p role=\"status\" aria-live=\"polite\" aria-atomic=\"true\"><\/p> <ul><\/ul><\/div>\n<form action=\"\/es\/wp-json\/wp\/v2\/pages\/3385#wpcf7-f3358-o1\" method=\"post\" class=\"wpcf7-form init\" aria-label=\"Formulario de contacto\" novalidate=\"novalidate\" data-status=\"init\">\n<fieldset class=\"hidden-fields-container\"><input type=\"hidden\" name=\"_wpcf7\" value=\"3358\" \/><input type=\"hidden\" name=\"_wpcf7_version\" value=\"6.1\" \/><input type=\"hidden\" name=\"_wpcf7_locale\" value=\"es_ES\" \/><input type=\"hidden\" name=\"_wpcf7_unit_tag\" value=\"wpcf7-f3358-o1\" \/><input type=\"hidden\" name=\"_wpcf7_container_post\" value=\"0\" \/><input type=\"hidden\" name=\"_wpcf7_posted_data_hash\" value=\"\" \/>\n<\/fieldset>\n<div class=\"row\">\n<div class=\"col-md-6\">\n<label for=\"azienda\">Empresa *<\/label>\n<span class=\"wpcf7-form-control-wrap\" data-name=\"azienda\"><input size=\"40\" maxlength=\"400\" class=\"wpcf7-form-control wpcf7-text wpcf7-validates-as-required form-control\" aria-required=\"true\" aria-invalid=\"false\" value=\"\" type=\"text\" name=\"azienda\" \/><\/span>\n<\/div>\n<div class=\"col-md-6\">\n<label for=\"Nome\">Nombre *<\/label>\n<span class=\"wpcf7-form-control-wrap\" data-name=\"nome\"><input size=\"40\" maxlength=\"400\" class=\"wpcf7-form-control wpcf7-text wpcf7-validates-as-required form-control\" aria-required=\"true\" aria-invalid=\"false\" value=\"\" type=\"text\" name=\"nome\" \/><\/span>\n<\/div>\n<\/div>\n<div class=\"row\">\n<div class=\"col-md-6\">\n<label for=\"telefono\">Tel\u00e9fono<\/label>\n<span class=\"wpcf7-form-control-wrap\" data-name=\"telefono\"><input size=\"40\" maxlength=\"400\" class=\"wpcf7-form-control wpcf7-text form-control\" aria-invalid=\"false\" value=\"\" type=\"text\" name=\"telefono\" \/><\/span>\n<\/div>\n<div class=\"col-md-6\">\n<label for=\"fax\">Fax<\/label>\n<span class=\"wpcf7-form-control-wrap\" data-name=\"fax\"><input size=\"40\" maxlength=\"400\" class=\"wpcf7-form-control wpcf7-text form-control\" aria-invalid=\"false\" value=\"\" type=\"text\" name=\"fax\" \/><\/span>\n<\/div>\n<div class=\"col-md-6\">\n<label for=\"email\">Correo electr\u00f3nico *<\/label>\n<span class=\"wpcf7-form-control-wrap\" data-name=\"email\"><input size=\"40\" maxlength=\"400\" class=\"wpcf7-form-control wpcf7-email wpcf7-validates-as-required wpcf7-text wpcf7-validates-as-email form-control\" aria-required=\"true\" aria-invalid=\"false\" value=\"\" type=\"email\" name=\"email\" \/><\/span>\n<\/div>\n<div class=\"col-md-6\">\n<label for=\"sitoweb\">P\u00e1gina web<\/label>\n<span class=\"wpcf7-form-control-wrap\" data-name=\"sitoweb\"><input size=\"40\" maxlength=\"400\" class=\"wpcf7-form-control wpcf7-text wpcf7-validates-as-required form-control\" aria-required=\"true\" aria-invalid=\"false\" value=\"\" type=\"text\" name=\"sitoweb\" \/><\/span>\n<\/div>\n<\/div>\n<div class=\"row\">\n<div class=\"col-md-6\">\n<label for=\"fluido\">Fluido<\/label>\n<span class=\"wpcf7-form-control-wrap\" data-name=\"fluido\"><input size=\"40\" maxlength=\"400\" class=\"wpcf7-form-control wpcf7-text form-control\" aria-invalid=\"false\" value=\"\" type=\"text\" name=\"fluido\" \/><\/span>\n<\/div>\n<div class=\"col-md-6\">\n<label for=\"filtraggio\">Filtrado<\/label>\n<span class=\"wpcf7-form-control-wrap\" data-name=\"filtraggio\"><input size=\"40\" maxlength=\"400\" class=\"wpcf7-form-control wpcf7-text form-control\" aria-invalid=\"false\" value=\"\" type=\"text\" name=\"filtraggio\" \/><\/span>\n<\/div>\n<div class=\"col-md-6\">\n<label for=\"pressione\">Presi\u00f3n<\/label>\n<span class=\"wpcf7-form-control-wrap\" data-name=\"pressione\"><input size=\"40\" maxlength=\"400\" class=\"wpcf7-form-control wpcf7-text form-control\" aria-invalid=\"false\" value=\"\" type=\"text\" name=\"pressione\" \/><\/span>\n<\/div>\n<div class=\"col-md-6\">\n<label for=\"rotazione\">Velocidad de rotaci\u00f3n<\/label>\n<span class=\"wpcf7-form-control-wrap\" data-name=\"rotazione\"><input size=\"40\" maxlength=\"400\" class=\"wpcf7-form-control wpcf7-text form-control\" aria-invalid=\"false\" value=\"\" type=\"text\" name=\"rotazione\" \/><\/span>\n<\/div>\n<div class=\"col-md-6\">\n<label for=\"applicazione\">Aplicaci\u00f3n<\/label>\n<span class=\"wpcf7-form-control-wrap\" data-name=\"applicazione\"><input size=\"40\" maxlength=\"400\" class=\"wpcf7-form-control wpcf7-text form-control\" aria-invalid=\"false\" value=\"\" type=\"text\" name=\"applicazione\" \/><\/span>\n<\/div>\n<div class=\"col-md-6\">\n<label for=\"passaggi\">N\u00famero de pases<\/label>\n<span class=\"wpcf7-form-control-wrap\" data-name=\"passaggi\"><input size=\"40\" maxlength=\"400\" class=\"wpcf7-form-control wpcf7-text form-control\" aria-invalid=\"false\" value=\"\" type=\"text\" name=\"passaggi\" \/><\/span>\n<\/div>\n<div class=\"col-md-6\">\n<label for=\"giunto\">Tama\u00f1o de la junta<\/label>\n<span class=\"wpcf7-form-control-wrap\" data-name=\"giunto\"><input size=\"40\" maxlength=\"400\" class=\"wpcf7-form-control wpcf7-text form-control\" aria-invalid=\"false\" value=\"\" type=\"text\" name=\"giunto\" \/><\/span>\n<\/div>\n<div class=\"col-md-6\">\n<label for=\"quantita\">Cantidad necesaria<\/label>\n<span class=\"wpcf7-form-control-wrap\" data-name=\"quantita\"><input size=\"40\" maxlength=\"400\" class=\"wpcf7-form-control wpcf7-text form-control\" aria-invalid=\"false\" value=\"\" type=\"text\" name=\"quantita\" \/><\/span>\n<\/div>\n<div class=\"col-md-6\">\n<label for=\"consumo\">Consumo anual<\/label>\n<span class=\"wpcf7-form-control-wrap\" data-name=\"consumo\"><input size=\"40\" maxlength=\"400\" class=\"wpcf7-form-control wpcf7-text form-control\" aria-invalid=\"false\" value=\"\" type=\"text\" name=\"consumo\" \/><\/span>\n<\/div>\n<\/div>\n<div class=\"row\">\n<div class=\"col-md-12\">\n<label for=\"note\">Notas<\/label>\n<span class=\"wpcf7-form-control-wrap\" data-name=\"note\"><textarea cols=\"40\" rows=\"10\" maxlength=\"2000\" class=\"wpcf7-form-control wpcf7-textarea form-control\" aria-invalid=\"false\" name=\"note\"><\/textarea><\/span>\n<\/div>\n<\/div>\n<div class=\"row\">\n<div class=\"col-md-12\">\n<span class=\"wpcf7-form-control-wrap\" data-name=\"privacy\"><span class=\"wpcf7-form-control wpcf7-acceptance\"><span class=\"wpcf7-list-item\"><label><input type=\"checkbox\" name=\"privacy\" value=\"1\" aria-invalid=\"false\" \/><span class=\"wpcf7-list-item-label\">Doy mi consentimiento para el tratamiento de mis datos personales de conformidad con el GDPR 679\/2016 *.<\/span><\/label><\/span><\/span><\/span>\n<p>Rotoflux Srl, habiendo le\u00eddo atentamente la Pol\u00edtica de Privacidad, y habiendo comprendido las caracter\u00edsticas del tratamiento de mis datos personales que vais a poner en marcha, os doy mi consentimiento libre, espec\u00edfico, informado e inequ\u00edvoco para el tratamiento de dichos datos personales para las finalidades indicadas en la citada pol\u00edtica, o para ser contactado con el fin de recibir m\u00e1s informaci\u00f3n sobre vuestros servicios. <\/p>\n<\/div>\n<\/div>\n<div class=\"row\">\n<div class=\"col-md-12\">\n<input class=\"wpcf7-form-control wpcf7-submit has-spinner cta-button\" type=\"submit\" value=\"Enviar\" \/>\n<\/div>\n<\/div><div class=\"wpcf7-response-output\" aria-hidden=\"true\"><\/div>\n<\/form>\n<\/div>\n\n","protected":false},"excerpt":{"rendered":"<p>Rellene el siguiente formulario Recibir\u00e1 un correo electr\u00f3nico de respuesta con el presupuesto, el plazo de entrega y la forma de pago. Una vez realizado el pago, procederemos a enviarle el producto que ha adquirido.<\/p>\n","protected":false},"author":1,"featured_media":0,"parent":0,"menu_order":0,"comment_status":"closed","ping_status":"closed","template":"template-richiesta.php","meta":{"_acf_changed":false,"footnotes":""},"class_list":["post-3385","page","type-page","status-publish","hentry"],"acf":[],"yoast_head":"<!-- This site is optimized with the Yoast SEO plugin v25.5 - https:\/\/yoast.com\/wordpress\/plugins\/seo\/ -->\n<title>Formulario de solicitud - Rotoflux<\/title>\n<meta name=\"description\" content=\"Rellene el siguiente formulario. Recibir\u00e1 una respuesta por correo electr\u00f3nico con un presupuesto, el plazo de entrega y la forma de pago.\" \/>\n<meta name=\"robots\" content=\"index, follow, max-snippet:-1, max-image-preview:large, max-video-preview:-1\" \/>\n<link rel=\"canonical\" href=\"https:\/\/rotoflux.com\/es\/formulario-de-solicitud\/\" \/>\n<meta property=\"og:locale\" content=\"es_ES\" \/>\n<meta property=\"og:type\" content=\"article\" \/>\n<meta property=\"og:title\" content=\"Formulario de solicitud - Rotoflux\" \/>\n<meta property=\"og:description\" content=\"Rellene el siguiente formulario. Recibir\u00e1 una respuesta por correo electr\u00f3nico con un presupuesto, el plazo de entrega y la forma de pago.\" \/>\n<meta property=\"og:url\" content=\"https:\/\/rotoflux.com\/es\/formulario-de-solicitud\/\" \/>\n<meta property=\"og:site_name\" content=\"Rotoflux\" \/>\n<meta property=\"article:modified_time\" content=\"2025-03-21T14:29:48+00:00\" \/>\n<meta name=\"twitter:card\" content=\"summary_large_image\" \/>\n<meta name=\"twitter:label1\" content=\"Tiempo de lectura\" \/>\n\t<meta name=\"twitter:data1\" content=\"1 minuto\" \/>\n<script type=\"application\/ld+json\" class=\"yoast-schema-graph\">{\"@context\":\"https:\/\/schema.org\",\"@graph\":[{\"@type\":\"WebPage\",\"@id\":\"https:\/\/rotoflux.com\/es\/formulario-de-solicitud\/\",\"url\":\"https:\/\/rotoflux.com\/es\/formulario-de-solicitud\/\",\"name\":\"Formulario de solicitud - Rotoflux\",\"isPartOf\":{\"@id\":\"https:\/\/rotoflux.com\/es\/#website\"},\"datePublished\":\"2024-06-25T18:29:40+00:00\",\"dateModified\":\"2025-03-21T14:29:48+00:00\",\"description\":\"Rellene el siguiente formulario. Recibir\u00e1 una respuesta por correo electr\u00f3nico con un presupuesto, el plazo de entrega y la forma de pago.\",\"breadcrumb\":{\"@id\":\"https:\/\/rotoflux.com\/es\/formulario-de-solicitud\/#breadcrumb\"},\"inLanguage\":\"es\",\"potentialAction\":[{\"@type\":\"ReadAction\",\"target\":[\"https:\/\/rotoflux.com\/es\/formulario-de-solicitud\/\"]}]},{\"@type\":\"BreadcrumbList\",\"@id\":\"https:\/\/rotoflux.com\/es\/formulario-de-solicitud\/#breadcrumb\",\"itemListElement\":[{\"@type\":\"ListItem\",\"position\":1,\"name\":\"Home\",\"item\":\"https:\/\/rotoflux.com\/es\/\"},{\"@type\":\"ListItem\",\"position\":2,\"name\":\"Formulario de solicitud\"}]},{\"@type\":\"WebSite\",\"@id\":\"https:\/\/rotoflux.com\/es\/#website\",\"url\":\"https:\/\/rotoflux.com\/es\/\",\"name\":\"Rotoflux\",\"description\":\"\",\"potentialAction\":[{\"@type\":\"SearchAction\",\"target\":{\"@type\":\"EntryPoint\",\"urlTemplate\":\"https:\/\/rotoflux.com\/es\/?s={search_term_string}\"},\"query-input\":{\"@type\":\"PropertyValueSpecification\",\"valueRequired\":true,\"valueName\":\"search_term_string\"}}],\"inLanguage\":\"es\"}]}<\/script>\n<!-- \/ Yoast SEO plugin. -->","yoast_head_json":{"title":"Formulario de solicitud - Rotoflux","description":"Rellene el siguiente formulario. Recibir\u00e1 una respuesta por correo electr\u00f3nico con un presupuesto, el plazo de entrega y la forma de pago.","robots":{"index":"index","follow":"follow","max-snippet":"max-snippet:-1","max-image-preview":"max-image-preview:large","max-video-preview":"max-video-preview:-1"},"canonical":"https:\/\/rotoflux.com\/es\/formulario-de-solicitud\/","og_locale":"es_ES","og_type":"article","og_title":"Formulario de solicitud - Rotoflux","og_description":"Rellene el siguiente formulario. Recibir\u00e1 una respuesta por correo electr\u00f3nico con un presupuesto, el plazo de entrega y la forma de pago.","og_url":"https:\/\/rotoflux.com\/es\/formulario-de-solicitud\/","og_site_name":"Rotoflux","article_modified_time":"2025-03-21T14:29:48+00:00","twitter_card":"summary_large_image","twitter_misc":{"Tiempo de lectura":"1 minuto"},"schema":{"@context":"https:\/\/schema.org","@graph":[{"@type":"WebPage","@id":"https:\/\/rotoflux.com\/es\/formulario-de-solicitud\/","url":"https:\/\/rotoflux.com\/es\/formulario-de-solicitud\/","name":"Formulario de solicitud - Rotoflux","isPartOf":{"@id":"https:\/\/rotoflux.com\/es\/#website"},"datePublished":"2024-06-25T18:29:40+00:00","dateModified":"2025-03-21T14:29:48+00:00","description":"Rellene el siguiente formulario. Recibir\u00e1 una respuesta por correo electr\u00f3nico con un presupuesto, el plazo de entrega y la forma de pago.","breadcrumb":{"@id":"https:\/\/rotoflux.com\/es\/formulario-de-solicitud\/#breadcrumb"},"inLanguage":"es","potentialAction":[{"@type":"ReadAction","target":["https:\/\/rotoflux.com\/es\/formulario-de-solicitud\/"]}]},{"@type":"BreadcrumbList","@id":"https:\/\/rotoflux.com\/es\/formulario-de-solicitud\/#breadcrumb","itemListElement":[{"@type":"ListItem","position":1,"name":"Home","item":"https:\/\/rotoflux.com\/es\/"},{"@type":"ListItem","position":2,"name":"Formulario de solicitud"}]},{"@type":"WebSite","@id":"https:\/\/rotoflux.com\/es\/#website","url":"https:\/\/rotoflux.com\/es\/","name":"Rotoflux","description":"","potentialAction":[{"@type":"SearchAction","target":{"@type":"EntryPoint","urlTemplate":"https:\/\/rotoflux.com\/es\/?s={search_term_string}"},"query-input":{"@type":"PropertyValueSpecification","valueRequired":true,"valueName":"search_term_string"}}],"inLanguage":"es"}]}},"_links":{"self":[{"href":"https:\/\/rotoflux.com\/es\/wp-json\/wp\/v2\/pages\/3385","targetHints":{"allow":["GET"]}}],"collection":[{"href":"https:\/\/rotoflux.com\/es\/wp-json\/wp\/v2\/pages"}],"about":[{"href":"https:\/\/rotoflux.com\/es\/wp-json\/wp\/v2\/types\/page"}],"author":[{"embeddable":true,"href":"https:\/\/rotoflux.com\/es\/wp-json\/wp\/v2\/users\/1"}],"replies":[{"embeddable":true,"href":"https:\/\/rotoflux.com\/es\/wp-json\/wp\/v2\/comments?post=3385"}],"version-history":[{"count":1,"href":"https:\/\/rotoflux.com\/es\/wp-json\/wp\/v2\/pages\/3385\/revisions"}],"predecessor-version":[{"id":3923,"href":"https:\/\/rotoflux.com\/es\/wp-json\/wp\/v2\/pages\/3385\/revisions\/3923"}],"wp:attachment":[{"href":"https:\/\/rotoflux.com\/es\/wp-json\/wp\/v2\/media?parent=3385"}],"curies":[{"name":"wp","href":"https:\/\/api.w.org\/{rel}","templated":true}]}}