{"id":3383,"date":"2024-06-25T18:10:33","date_gmt":"2024-06-25T16:10:33","guid":{"rendered":"https:\/\/rotoflux.com\/garantie\/"},"modified":"2025-03-21T14:32:57","modified_gmt":"2025-03-21T13:32:57","slug":"garantie","status":"publish","type":"page","link":"https:\/\/rotoflux.com\/de\/garantie\/","title":{"rendered":"Garantie"},"content":{"rendered":"<p>Das Unternehmen <strong>ROTOFLUX<\/strong> garantiert, dass seine Produkte frei von Material- und Verarbeitungsfehlern sind.<\/p>\n<p>W\u00e4hrend eines Zeitraums von 12 Monaten ab dem Versanddatum verpflichtet sich die Firma <strong>ROTOFLUX<\/strong>, das als defekt erkannte Teil zu ersetzen und anschlie\u00dfend die Drehdurchf\u00fchrung kostenlos zu \u00fcberholen.<\/p>\n<p>Die defekte Drehdurchf\u00fchrung darf unter keinen Umst\u00e4nden demontiert werden (sonst erlischt die Garantie) und muss an die Werksadresse <strong>ROTOFLUX<\/strong>.<\/p>\n<p>Das Unternehmen <strong>ROTOFLUX<\/strong> haftet nicht f\u00fcr Sch\u00e4den, die durch den unsachgem\u00e4\u00dfen Einsatz von Drehdurchf\u00fchrungen oder die Verwendung von defekten Drehdurchf\u00fchrungen oder Teilen entstehen.<\/p>\n<p>Niemand ist befugt, die oben genannten Garantiebedingungen zu \u00e4ndern.<\/p>\n","protected":false},"excerpt":{"rendered":"<p>Das Unternehmen ROTOFLUX garantiert, dass seine Produkte frei von Material- und Verarbeitungsfehlern sind. W\u00e4hrend eines Zeitraums von 12 Monaten ab dem Versanddatum verpflichtet sich die Firma ROTOFLUX, das als defekt erkannte Teil zu ersetzen und anschlie\u00dfend die Drehdurchf\u00fchrung kostenlos zu \u00fcberholen. Die defekte Drehdurchf\u00fchrung darf unter keinen Umst\u00e4nden demontiert werden (sonst erlischt die Garantie) und [&hellip;]<\/p>\n","protected":false},"author":1,"featured_media":0,"parent":0,"menu_order":0,"comment_status":"closed","ping_status":"closed","template":"template-utility.php","meta":{"_acf_changed":false,"footnotes":""},"class_list":["post-3383","page","type-page","status-publish","hentry"],"acf":[],"yoast_head":"<!-- This site is optimized with the Yoast SEO plugin v25.5 - https:\/\/yoast.com\/wordpress\/plugins\/seo\/ -->\n<title>Garantie - Rotoflux<\/title>\n<meta name=\"description\" content=\"Das Unternehmen ROTOFLUX garantiert, dass seine Produkte frei von Material- und Verarbeitungsfehlern sind.\" \/>\n<meta name=\"robots\" content=\"index, follow, max-snippet:-1, max-image-preview:large, max-video-preview:-1\" \/>\n<link rel=\"canonical\" href=\"https:\/\/rotoflux.com\/de\/garantie\/\" \/>\n<meta property=\"og:locale\" content=\"de_DE\" \/>\n<meta property=\"og:type\" content=\"article\" \/>\n<meta property=\"og:title\" content=\"Garantie - Rotoflux\" \/>\n<meta property=\"og:description\" content=\"Das Unternehmen ROTOFLUX garantiert, dass seine Produkte frei von Material- und Verarbeitungsfehlern sind.\" \/>\n<meta property=\"og:url\" content=\"https:\/\/rotoflux.com\/de\/garantie\/\" \/>\n<meta property=\"og:site_name\" content=\"Rotoflux\" \/>\n<meta property=\"article:modified_time\" content=\"2025-03-21T13:32:57+00:00\" \/>\n<meta name=\"twitter:card\" content=\"summary_large_image\" \/>\n<meta name=\"twitter:label1\" content=\"Gesch\u00e4tzte Lesezeit\" \/>\n\t<meta name=\"twitter:data1\" content=\"1\u00a0Minute\" \/>\n<script type=\"application\/ld+json\" class=\"yoast-schema-graph\">{\"@context\":\"https:\/\/schema.org\",\"@graph\":[{\"@type\":\"WebPage\",\"@id\":\"https:\/\/rotoflux.com\/de\/garantie\/\",\"url\":\"https:\/\/rotoflux.com\/de\/garantie\/\",\"name\":\"Garantie - Rotoflux\",\"isPartOf\":{\"@id\":\"https:\/\/rotoflux.com\/de\/#website\"},\"datePublished\":\"2024-06-25T16:10:33+00:00\",\"dateModified\":\"2025-03-21T13:32:57+00:00\",\"description\":\"Das Unternehmen ROTOFLUX garantiert, dass seine Produkte frei von Material- und Verarbeitungsfehlern sind.\",\"breadcrumb\":{\"@id\":\"https:\/\/rotoflux.com\/de\/garantie\/#breadcrumb\"},\"inLanguage\":\"de\",\"potentialAction\":[{\"@type\":\"ReadAction\",\"target\":[\"https:\/\/rotoflux.com\/de\/garantie\/\"]}]},{\"@type\":\"BreadcrumbList\",\"@id\":\"https:\/\/rotoflux.com\/de\/garantie\/#breadcrumb\",\"itemListElement\":[{\"@type\":\"ListItem\",\"position\":1,\"name\":\"Home\",\"item\":\"https:\/\/rotoflux.com\/de\/\"},{\"@type\":\"ListItem\",\"position\":2,\"name\":\"Garantie\"}]},{\"@type\":\"WebSite\",\"@id\":\"https:\/\/rotoflux.com\/de\/#website\",\"url\":\"https:\/\/rotoflux.com\/de\/\",\"name\":\"Rotoflux\",\"description\":\"\",\"potentialAction\":[{\"@type\":\"SearchAction\",\"target\":{\"@type\":\"EntryPoint\",\"urlTemplate\":\"https:\/\/rotoflux.com\/de\/?s={search_term_string}\"},\"query-input\":{\"@type\":\"PropertyValueSpecification\",\"valueRequired\":true,\"valueName\":\"search_term_string\"}}],\"inLanguage\":\"de\"}]}<\/script>\n<!-- \/ Yoast SEO plugin. -->","yoast_head_json":{"title":"Garantie - Rotoflux","description":"Das Unternehmen ROTOFLUX garantiert, dass seine Produkte frei von Material- und Verarbeitungsfehlern sind.","robots":{"index":"index","follow":"follow","max-snippet":"max-snippet:-1","max-image-preview":"max-image-preview:large","max-video-preview":"max-video-preview:-1"},"canonical":"https:\/\/rotoflux.com\/de\/garantie\/","og_locale":"de_DE","og_type":"article","og_title":"Garantie - Rotoflux","og_description":"Das Unternehmen ROTOFLUX garantiert, dass seine Produkte frei von Material- und Verarbeitungsfehlern sind.","og_url":"https:\/\/rotoflux.com\/de\/garantie\/","og_site_name":"Rotoflux","article_modified_time":"2025-03-21T13:32:57+00:00","twitter_card":"summary_large_image","twitter_misc":{"Gesch\u00e4tzte Lesezeit":"1\u00a0Minute"},"schema":{"@context":"https:\/\/schema.org","@graph":[{"@type":"WebPage","@id":"https:\/\/rotoflux.com\/de\/garantie\/","url":"https:\/\/rotoflux.com\/de\/garantie\/","name":"Garantie - Rotoflux","isPartOf":{"@id":"https:\/\/rotoflux.com\/de\/#website"},"datePublished":"2024-06-25T16:10:33+00:00","dateModified":"2025-03-21T13:32:57+00:00","description":"Das Unternehmen ROTOFLUX garantiert, dass seine Produkte frei von Material- und Verarbeitungsfehlern sind.","breadcrumb":{"@id":"https:\/\/rotoflux.com\/de\/garantie\/#breadcrumb"},"inLanguage":"de","potentialAction":[{"@type":"ReadAction","target":["https:\/\/rotoflux.com\/de\/garantie\/"]}]},{"@type":"BreadcrumbList","@id":"https:\/\/rotoflux.com\/de\/garantie\/#breadcrumb","itemListElement":[{"@type":"ListItem","position":1,"name":"Home","item":"https:\/\/rotoflux.com\/de\/"},{"@type":"ListItem","position":2,"name":"Garantie"}]},{"@type":"WebSite","@id":"https:\/\/rotoflux.com\/de\/#website","url":"https:\/\/rotoflux.com\/de\/","name":"Rotoflux","description":"","potentialAction":[{"@type":"SearchAction","target":{"@type":"EntryPoint","urlTemplate":"https:\/\/rotoflux.com\/de\/?s={search_term_string}"},"query-input":{"@type":"PropertyValueSpecification","valueRequired":true,"valueName":"search_term_string"}}],"inLanguage":"de"}]}},"_links":{"self":[{"href":"https:\/\/rotoflux.com\/de\/wp-json\/wp\/v2\/pages\/3383","targetHints":{"allow":["GET"]}}],"collection":[{"href":"https:\/\/rotoflux.com\/de\/wp-json\/wp\/v2\/pages"}],"about":[{"href":"https:\/\/rotoflux.com\/de\/wp-json\/wp\/v2\/types\/page"}],"author":[{"embeddable":true,"href":"https:\/\/rotoflux.com\/de\/wp-json\/wp\/v2\/users\/1"}],"replies":[{"embeddable":true,"href":"https:\/\/rotoflux.com\/de\/wp-json\/wp\/v2\/comments?post=3383"}],"version-history":[{"count":1,"href":"https:\/\/rotoflux.com\/de\/wp-json\/wp\/v2\/pages\/3383\/revisions"}],"predecessor-version":[{"id":3900,"href":"https:\/\/rotoflux.com\/de\/wp-json\/wp\/v2\/pages\/3383\/revisions\/3900"}],"wp:attachment":[{"href":"https:\/\/rotoflux.com\/de\/wp-json\/wp\/v2\/media?parent=3383"}],"curies":[{"name":"wp","href":"https:\/\/api.w.org\/{rel}","templated":true}]}}