{"id":3382,"date":"2024-06-25T19:15:12","date_gmt":"2024-06-25T17:15:12","guid":{"rendered":"https:\/\/rotoflux.com\/installation\/"},"modified":"2025-03-12T15:59:24","modified_gmt":"2025-03-12T14:59:24","slug":"installation","status":"publish","type":"page","link":"https:\/\/rotoflux.com\/de\/installation\/","title":{"rendered":"Installation"},"content":{"rendered":"<p>Obwohl sie robust und langlebig sind, handelt es sich bei Gelenken um feinmechanische Ger\u00e4te, die richtig eingesetzt werden m\u00fcssen, damit sie richtig funktionieren. F\u00fcr den korrekten Einbau von ROTOFLUX-Kupplungen empfehlen wir die folgenden Schritte: <\/p>\n<ul>\n<li>Bei neuen Anlagen, sich vergewissern, dass der Kreislauf gereinigt und durchgesp\u00fclt wurde, und so frei von Bearbeitungsr\u00fcckst\u00e4nden oder anderen abrasiven Partikeln ist. Bei bestehenden Anlagen ist die Funktionsf\u00e4higkeit des Filters zu \u00fcberpr\u00fcfen.<\/li>\n<li>Die Drehdurchf\u00fchrung in einen Schraubstock mit dem Teil des Geh\u00e4uses einspannen, in dem sich keine Kugellager befinden, dann den Schlauch aufschrauben (Abb. 1). (abb. 1)<\/li>\n<li>Die Drehdurchf\u00fchrung an die Maschine montieren (abb. 2)<\/li>\n<li>Den vorher auf der Drehdurchf\u00fchrung montierten Schlauch an die Medium-Versorgungsleitung anschlie\u00dfen und sich vergewissern, dass der Schlauch nicht gespannt ist bzw. dieses nicht erfolgt, sobald das unter Druck stehende Medium durchflie\u00dft. (abb. 3)<\/li>\n<\/ul>\n<p><img loading=\"lazy\" decoding=\"async\" class=\"aligncenter wp-image-3202 size-full\" src=\"https:\/\/rotoflux.com\/wp-content\/uploads\/2024\/06\/img-istallation-1.gif\" alt=\"\" width=\"880\" height=\"244\"><\/p>\n<p>&nbsp;<\/p>\n<ul>\n<li>Bei der Verwendung von flexiblen Metallschl\u00e4uchen in engen R\u00e4umen sind starre Winkelst\u00fccke zu verwenden, die enge Kurven erlauben, ohne anormale Spannungen zu verursachen. (abb. 4)<\/li>\n<\/ul>\n<p><img loading=\"lazy\" decoding=\"async\" class=\"aligncenter wp-image-3209 size-full\" src=\"https:\/\/rotoflux.com\/wp-content\/uploads\/2024\/06\/img-istallation-2.gif\" alt=\"\" width=\"880\" height=\"259\"><\/p>\n<ul>\n<li>Stellen Sie sicher, dass die Drehdurchf\u00fchrung sich spannungsfrei drehen kann (nicht taumelt).<\/li>\n<li>Wenn das verwendete Medium f\u00fcr Personen gef\u00e4hrlich ist, wie beispielsweise hei\u00dfe Fl\u00fcssigkeiten, dann sind Schutzvorrichtungen (Geh\u00e4use) um die Dreh-durchf\u00fchrung herum anzuordnen.<\/li>\n<li>Wo das erforderlich ist, sind die Kugellager der Drehdurchf\u00fchrung, periodisch zu schmieren.<\/li>\n<li>Die Drehdurchf\u00fchrung in Zeitabst\u00e4nden auf eventuelle Leckagen \u00fcberpr\u00fcfen und die erforderlichen Wartungsarbeiten durchf\u00fchren.<\/li>\n<\/ul>\n<p style=\"text-align: center;\"><a class=\"cta\" href=\"https:\/\/rotoflux.com\/wp-content\/uploads\/2024\/07\/installazione.pdf\"><span class=\"rotation\">Installationsanleitung herunterladen<\/span><\/a><\/p>\n","protected":false},"excerpt":{"rendered":"<p>Obwohl sie robust und langlebig sind, handelt es sich bei Gelenken um feinmechanische Ger\u00e4te, die richtig eingesetzt werden m\u00fcssen, damit sie richtig funktionieren. F\u00fcr den korrekten Einbau von ROTOFLUX-Kupplungen empfehlen wir die folgenden Schritte: Bei neuen Anlagen, sich vergewissern, dass der Kreislauf gereinigt und durchgesp\u00fclt wurde, und so frei von Bearbeitungsr\u00fcckst\u00e4nden oder anderen abrasiven Partikeln [&hellip;]<\/p>\n","protected":false},"author":1,"featured_media":0,"parent":0,"menu_order":0,"comment_status":"closed","ping_status":"closed","template":"template-utility.php","meta":{"_acf_changed":false,"footnotes":""},"class_list":["post-3382","page","type-page","status-publish","hentry"],"acf":[],"yoast_head":"<!-- This site is optimized with the Yoast SEO plugin v25.5 - https:\/\/yoast.com\/wordpress\/plugins\/seo\/ -->\n<title>Installation - Rotoflux<\/title>\n<meta name=\"description\" content=\"Obwohl sie robust und langlebig sind, handelt es sich bei Verbindungen um feinmechanische Ger\u00e4te. Wir empfehlen den korrekten Einbau von Kupplungen.\" \/>\n<meta name=\"robots\" content=\"index, follow, max-snippet:-1, max-image-preview:large, max-video-preview:-1\" \/>\n<link rel=\"canonical\" href=\"https:\/\/rotoflux.com\/de\/installation\/\" \/>\n<meta property=\"og:locale\" content=\"de_DE\" \/>\n<meta property=\"og:type\" content=\"article\" \/>\n<meta property=\"og:title\" content=\"Installation - Rotoflux\" \/>\n<meta property=\"og:description\" content=\"Obwohl sie robust und langlebig sind, handelt es sich bei Verbindungen um feinmechanische Ger\u00e4te. Wir empfehlen den korrekten Einbau von Kupplungen.\" \/>\n<meta property=\"og:url\" content=\"https:\/\/rotoflux.com\/de\/installation\/\" \/>\n<meta property=\"og:site_name\" content=\"Rotoflux\" \/>\n<meta property=\"article:modified_time\" content=\"2025-03-12T14:59:24+00:00\" \/>\n<meta property=\"og:image\" content=\"https:\/\/rotoflux.com\/wp-content\/uploads\/2024\/06\/img-istallation-1.gif\" \/>\n<meta name=\"twitter:card\" content=\"summary_large_image\" \/>\n<meta name=\"twitter:label1\" content=\"Gesch\u00e4tzte Lesezeit\" \/>\n\t<meta name=\"twitter:data1\" content=\"2\u00a0Minuten\" \/>\n<script type=\"application\/ld+json\" class=\"yoast-schema-graph\">{\"@context\":\"https:\/\/schema.org\",\"@graph\":[{\"@type\":\"WebPage\",\"@id\":\"https:\/\/rotoflux.com\/de\/installation\/\",\"url\":\"https:\/\/rotoflux.com\/de\/installation\/\",\"name\":\"Installation - Rotoflux\",\"isPartOf\":{\"@id\":\"https:\/\/rotoflux.com\/de\/#website\"},\"primaryImageOfPage\":{\"@id\":\"https:\/\/rotoflux.com\/de\/installation\/#primaryimage\"},\"image\":{\"@id\":\"https:\/\/rotoflux.com\/de\/installation\/#primaryimage\"},\"thumbnailUrl\":\"https:\/\/rotoflux.com\/wp-content\/uploads\/2024\/06\/img-istallation-1.gif\",\"datePublished\":\"2024-06-25T17:15:12+00:00\",\"dateModified\":\"2025-03-12T14:59:24+00:00\",\"description\":\"Obwohl sie robust und langlebig sind, handelt es sich bei Verbindungen um feinmechanische Ger\u00e4te. Wir empfehlen den korrekten Einbau von Kupplungen.\",\"breadcrumb\":{\"@id\":\"https:\/\/rotoflux.com\/de\/installation\/#breadcrumb\"},\"inLanguage\":\"de\",\"potentialAction\":[{\"@type\":\"ReadAction\",\"target\":[\"https:\/\/rotoflux.com\/de\/installation\/\"]}]},{\"@type\":\"ImageObject\",\"inLanguage\":\"de\",\"@id\":\"https:\/\/rotoflux.com\/de\/installation\/#primaryimage\",\"url\":\"https:\/\/rotoflux.com\/wp-content\/uploads\/2024\/06\/img-istallation-1.gif\",\"contentUrl\":\"https:\/\/rotoflux.com\/wp-content\/uploads\/2024\/06\/img-istallation-1.gif\"},{\"@type\":\"BreadcrumbList\",\"@id\":\"https:\/\/rotoflux.com\/de\/installation\/#breadcrumb\",\"itemListElement\":[{\"@type\":\"ListItem\",\"position\":1,\"name\":\"Home\",\"item\":\"https:\/\/rotoflux.com\/de\/\"},{\"@type\":\"ListItem\",\"position\":2,\"name\":\"Installation\"}]},{\"@type\":\"WebSite\",\"@id\":\"https:\/\/rotoflux.com\/de\/#website\",\"url\":\"https:\/\/rotoflux.com\/de\/\",\"name\":\"Rotoflux\",\"description\":\"\",\"potentialAction\":[{\"@type\":\"SearchAction\",\"target\":{\"@type\":\"EntryPoint\",\"urlTemplate\":\"https:\/\/rotoflux.com\/de\/?s={search_term_string}\"},\"query-input\":{\"@type\":\"PropertyValueSpecification\",\"valueRequired\":true,\"valueName\":\"search_term_string\"}}],\"inLanguage\":\"de\"}]}<\/script>\n<!-- \/ Yoast SEO plugin. -->","yoast_head_json":{"title":"Installation - Rotoflux","description":"Obwohl sie robust und langlebig sind, handelt es sich bei Verbindungen um feinmechanische Ger\u00e4te. Wir empfehlen den korrekten Einbau von Kupplungen.","robots":{"index":"index","follow":"follow","max-snippet":"max-snippet:-1","max-image-preview":"max-image-preview:large","max-video-preview":"max-video-preview:-1"},"canonical":"https:\/\/rotoflux.com\/de\/installation\/","og_locale":"de_DE","og_type":"article","og_title":"Installation - Rotoflux","og_description":"Obwohl sie robust und langlebig sind, handelt es sich bei Verbindungen um feinmechanische Ger\u00e4te. Wir empfehlen den korrekten Einbau von Kupplungen.","og_url":"https:\/\/rotoflux.com\/de\/installation\/","og_site_name":"Rotoflux","article_modified_time":"2025-03-12T14:59:24+00:00","og_image":[{"url":"https:\/\/rotoflux.com\/wp-content\/uploads\/2024\/06\/img-istallation-1.gif","type":"","width":"","height":""}],"twitter_card":"summary_large_image","twitter_misc":{"Gesch\u00e4tzte Lesezeit":"2\u00a0Minuten"},"schema":{"@context":"https:\/\/schema.org","@graph":[{"@type":"WebPage","@id":"https:\/\/rotoflux.com\/de\/installation\/","url":"https:\/\/rotoflux.com\/de\/installation\/","name":"Installation - Rotoflux","isPartOf":{"@id":"https:\/\/rotoflux.com\/de\/#website"},"primaryImageOfPage":{"@id":"https:\/\/rotoflux.com\/de\/installation\/#primaryimage"},"image":{"@id":"https:\/\/rotoflux.com\/de\/installation\/#primaryimage"},"thumbnailUrl":"https:\/\/rotoflux.com\/wp-content\/uploads\/2024\/06\/img-istallation-1.gif","datePublished":"2024-06-25T17:15:12+00:00","dateModified":"2025-03-12T14:59:24+00:00","description":"Obwohl sie robust und langlebig sind, handelt es sich bei Verbindungen um feinmechanische Ger\u00e4te. Wir empfehlen den korrekten Einbau von Kupplungen.","breadcrumb":{"@id":"https:\/\/rotoflux.com\/de\/installation\/#breadcrumb"},"inLanguage":"de","potentialAction":[{"@type":"ReadAction","target":["https:\/\/rotoflux.com\/de\/installation\/"]}]},{"@type":"ImageObject","inLanguage":"de","@id":"https:\/\/rotoflux.com\/de\/installation\/#primaryimage","url":"https:\/\/rotoflux.com\/wp-content\/uploads\/2024\/06\/img-istallation-1.gif","contentUrl":"https:\/\/rotoflux.com\/wp-content\/uploads\/2024\/06\/img-istallation-1.gif"},{"@type":"BreadcrumbList","@id":"https:\/\/rotoflux.com\/de\/installation\/#breadcrumb","itemListElement":[{"@type":"ListItem","position":1,"name":"Home","item":"https:\/\/rotoflux.com\/de\/"},{"@type":"ListItem","position":2,"name":"Installation"}]},{"@type":"WebSite","@id":"https:\/\/rotoflux.com\/de\/#website","url":"https:\/\/rotoflux.com\/de\/","name":"Rotoflux","description":"","potentialAction":[{"@type":"SearchAction","target":{"@type":"EntryPoint","urlTemplate":"https:\/\/rotoflux.com\/de\/?s={search_term_string}"},"query-input":{"@type":"PropertyValueSpecification","valueRequired":true,"valueName":"search_term_string"}}],"inLanguage":"de"}]}},"_links":{"self":[{"href":"https:\/\/rotoflux.com\/de\/wp-json\/wp\/v2\/pages\/3382","targetHints":{"allow":["GET"]}}],"collection":[{"href":"https:\/\/rotoflux.com\/de\/wp-json\/wp\/v2\/pages"}],"about":[{"href":"https:\/\/rotoflux.com\/de\/wp-json\/wp\/v2\/types\/page"}],"author":[{"embeddable":true,"href":"https:\/\/rotoflux.com\/de\/wp-json\/wp\/v2\/users\/1"}],"replies":[{"embeddable":true,"href":"https:\/\/rotoflux.com\/de\/wp-json\/wp\/v2\/comments?post=3382"}],"version-history":[{"count":2,"href":"https:\/\/rotoflux.com\/de\/wp-json\/wp\/v2\/pages\/3382\/revisions"}],"predecessor-version":[{"id":3931,"href":"https:\/\/rotoflux.com\/de\/wp-json\/wp\/v2\/pages\/3382\/revisions\/3931"}],"wp:attachment":[{"href":"https:\/\/rotoflux.com\/de\/wp-json\/wp\/v2\/media?parent=3382"}],"curies":[{"name":"wp","href":"https:\/\/api.w.org\/{rel}","templated":true}]}}