{"id":3381,"date":"2024-06-25T19:27:31","date_gmt":"2024-06-25T17:27:31","guid":{"rendered":"https:\/\/rotoflux.com\/montagebeispiele\/"},"modified":"2025-03-21T14:49:05","modified_gmt":"2025-03-21T13:49:05","slug":"montagebeispiele","status":"publish","type":"page","link":"https:\/\/rotoflux.com\/de\/montagebeispiele\/","title":{"rendered":"Montagebeispiele"},"content":{"rendered":"<p><strong>A:<\/strong> Schlauch Schlauch von Fl\u00fcssigkeit <strong>B:<\/strong> Rohrleitung Entw\u00e4sserung<\/p>\n<div class=\"row\">\n<div class=\"col-md-6\"><img loading=\"lazy\" decoding=\"async\" class=\"alignnone wp-image-3221 size-full\" src=\"https:\/\/rotoflux.com\/wp-content\/uploads\/2024\/06\/esempi-di-montaggio-tuboflessibile-1-e1719336727146.png\" alt=\"\" width=\"834\" height=\"500\" srcset=\"https:\/\/rotoflux.com\/wp-content\/uploads\/2024\/06\/esempi-di-montaggio-tuboflessibile-1-e1719336727146.png 834w, https:\/\/rotoflux.com\/wp-content\/uploads\/2024\/06\/esempi-di-montaggio-tuboflessibile-1-e1719336727146-300x180.png 300w, https:\/\/rotoflux.com\/wp-content\/uploads\/2024\/06\/esempi-di-montaggio-tuboflessibile-1-e1719336727146-768x460.png 768w, https:\/\/rotoflux.com\/wp-content\/uploads\/2024\/06\/esempi-di-montaggio-tuboflessibile-1-e1719336727146-560x336.png 560w\" sizes=\"auto, (max-width: 834px) 100vw, 834px\" \/><\/div>\n<div class=\"col-md-6\"><img loading=\"lazy\" decoding=\"async\" class=\"alignleft wp-image-3225 size-full\" src=\"https:\/\/rotoflux.com\/wp-content\/uploads\/2024\/06\/esempi-di-montaggio-tuboflessibile2-e1719336764264.png\" alt=\"\" width=\"834\" height=\"580\" srcset=\"https:\/\/rotoflux.com\/wp-content\/uploads\/2024\/06\/esempi-di-montaggio-tuboflessibile2-e1719336764264.png 834w, https:\/\/rotoflux.com\/wp-content\/uploads\/2024\/06\/esempi-di-montaggio-tuboflessibile2-e1719336764264-300x209.png 300w, https:\/\/rotoflux.com\/wp-content\/uploads\/2024\/06\/esempi-di-montaggio-tuboflessibile2-e1719336764264-768x534.png 768w, https:\/\/rotoflux.com\/wp-content\/uploads\/2024\/06\/esempi-di-montaggio-tuboflessibile2-e1719336764264-560x389.png 560w\" sizes=\"auto, (max-width: 834px) 100vw, 834px\" \/><\/div>\n<div class=\"col-md-6\"><img loading=\"lazy\" decoding=\"async\" class=\"alignnone wp-image-3230 size-full\" src=\"https:\/\/rotoflux.com\/wp-content\/uploads\/2024\/06\/esempi-di-montaggio3.png\" alt=\"\" width=\"1024\" height=\"683\" srcset=\"https:\/\/rotoflux.com\/wp-content\/uploads\/2024\/06\/esempi-di-montaggio3.png 1024w, https:\/\/rotoflux.com\/wp-content\/uploads\/2024\/06\/esempi-di-montaggio3-300x200.png 300w, https:\/\/rotoflux.com\/wp-content\/uploads\/2024\/06\/esempi-di-montaggio3-768x512.png 768w, https:\/\/rotoflux.com\/wp-content\/uploads\/2024\/06\/esempi-di-montaggio3-560x374.png 560w, https:\/\/rotoflux.com\/wp-content\/uploads\/2024\/06\/esempi-di-montaggio3-900x600.png 900w\" sizes=\"auto, (max-width: 1024px) 100vw, 1024px\" \/><\/div>\n<div class=\"col-md-6\"><img loading=\"lazy\" decoding=\"async\" class=\"alignnone wp-image-3235 size-full\" src=\"https:\/\/rotoflux.com\/wp-content\/uploads\/2024\/06\/esempi-di-montaggio4.png\" alt=\"\" width=\"1024\" height=\"683\" srcset=\"https:\/\/rotoflux.com\/wp-content\/uploads\/2024\/06\/esempi-di-montaggio4.png 1024w, https:\/\/rotoflux.com\/wp-content\/uploads\/2024\/06\/esempi-di-montaggio4-300x200.png 300w, https:\/\/rotoflux.com\/wp-content\/uploads\/2024\/06\/esempi-di-montaggio4-768x512.png 768w, https:\/\/rotoflux.com\/wp-content\/uploads\/2024\/06\/esempi-di-montaggio4-560x374.png 560w, https:\/\/rotoflux.com\/wp-content\/uploads\/2024\/06\/esempi-di-montaggio4-900x600.png 900w\" sizes=\"auto, (max-width: 1024px) 100vw, 1024px\" \/><\/div>\n<div class=\"col-md-6\"><img loading=\"lazy\" decoding=\"async\" class=\"alignleft wp-image-3239 size-full\" src=\"https:\/\/rotoflux.com\/wp-content\/uploads\/2024\/06\/esempi-di-montaggio5.png\" alt=\"\" width=\"1024\" height=\"683\" srcset=\"https:\/\/rotoflux.com\/wp-content\/uploads\/2024\/06\/esempi-di-montaggio5.png 1024w, https:\/\/rotoflux.com\/wp-content\/uploads\/2024\/06\/esempi-di-montaggio5-300x200.png 300w, https:\/\/rotoflux.com\/wp-content\/uploads\/2024\/06\/esempi-di-montaggio5-768x512.png 768w, https:\/\/rotoflux.com\/wp-content\/uploads\/2024\/06\/esempi-di-montaggio5-560x374.png 560w, https:\/\/rotoflux.com\/wp-content\/uploads\/2024\/06\/esempi-di-montaggio5-900x600.png 900w\" sizes=\"auto, (max-width: 1024px) 100vw, 1024px\" \/><\/div>\n<div class=\"col-md-6\"><img loading=\"lazy\" decoding=\"async\" class=\"alignnone wp-image-3243 size-full\" src=\"https:\/\/rotoflux.com\/wp-content\/uploads\/2024\/06\/esempi-di-montaggio6.png\" alt=\"\" width=\"1024\" height=\"683\" srcset=\"https:\/\/rotoflux.com\/wp-content\/uploads\/2024\/06\/esempi-di-montaggio6.png 1024w, https:\/\/rotoflux.com\/wp-content\/uploads\/2024\/06\/esempi-di-montaggio6-300x200.png 300w, https:\/\/rotoflux.com\/wp-content\/uploads\/2024\/06\/esempi-di-montaggio6-768x512.png 768w, https:\/\/rotoflux.com\/wp-content\/uploads\/2024\/06\/esempi-di-montaggio6-560x374.png 560w, https:\/\/rotoflux.com\/wp-content\/uploads\/2024\/06\/esempi-di-montaggio6-900x600.png 900w\" sizes=\"auto, (max-width: 1024px) 100vw, 1024px\" \/><\/div>\n<div class=\"col-md-6\"><img loading=\"lazy\" decoding=\"async\" class=\"alignnone wp-image-3247 size-full\" src=\"https:\/\/rotoflux.com\/wp-content\/uploads\/2024\/06\/esempi-di-montaggio7.png\" alt=\"\" width=\"1024\" height=\"683\" srcset=\"https:\/\/rotoflux.com\/wp-content\/uploads\/2024\/06\/esempi-di-montaggio7.png 1024w, https:\/\/rotoflux.com\/wp-content\/uploads\/2024\/06\/esempi-di-montaggio7-300x200.png 300w, https:\/\/rotoflux.com\/wp-content\/uploads\/2024\/06\/esempi-di-montaggio7-768x512.png 768w, https:\/\/rotoflux.com\/wp-content\/uploads\/2024\/06\/esempi-di-montaggio7-560x374.png 560w, https:\/\/rotoflux.com\/wp-content\/uploads\/2024\/06\/esempi-di-montaggio7-900x600.png 900w\" sizes=\"auto, (max-width: 1024px) 100vw, 1024px\" \/><\/div>\n<div class=\"col-md-6\"><img loading=\"lazy\" decoding=\"async\" class=\"alignnone wp-image-3251 size-full\" src=\"https:\/\/rotoflux.com\/wp-content\/uploads\/2024\/06\/esempi-di-montaggio8.png\" alt=\"\" width=\"1024\" height=\"683\" srcset=\"https:\/\/rotoflux.com\/wp-content\/uploads\/2024\/06\/esempi-di-montaggio8.png 1024w, https:\/\/rotoflux.com\/wp-content\/uploads\/2024\/06\/esempi-di-montaggio8-300x200.png 300w, https:\/\/rotoflux.com\/wp-content\/uploads\/2024\/06\/esempi-di-montaggio8-768x512.png 768w, https:\/\/rotoflux.com\/wp-content\/uploads\/2024\/06\/esempi-di-montaggio8-560x374.png 560w, https:\/\/rotoflux.com\/wp-content\/uploads\/2024\/06\/esempi-di-montaggio8-900x600.png 900w\" sizes=\"auto, (max-width: 1024px) 100vw, 1024px\" \/><\/div>\n<\/div>\n<p style=\"text-align: center;\"><a class=\"cta\" href=\"https:\/\/rotoflux.com\/wp-content\/uploads\/2024\/07\/esempi-montaggio.pdf\"><span class=\"rotoflux\">Montagebeispiele herunterladen<\/span><\/a><\/p>\n","protected":false},"excerpt":{"rendered":"<p>A: Schlauch Schlauch von Fl\u00fcssigkeit B: Rohrleitung Entw\u00e4sserung Montagebeispiele herunterladen<\/p>\n","protected":false},"author":1,"featured_media":0,"parent":0,"menu_order":0,"comment_status":"closed","ping_status":"closed","template":"template-utility.php","meta":{"_acf_changed":false,"footnotes":""},"class_list":["post-3381","page","type-page","status-publish","hentry"],"acf":[],"yoast_head":"<!-- This site is optimized with the Yoast SEO plugin v25.5 - https:\/\/yoast.com\/wordpress\/plugins\/seo\/ -->\n<title>Montagebeispiele - Rotoflux<\/title>\n<meta name=\"description\" content=\"Hier finden Sie Montagebeispiele f\u00fcr Rotoflux-Dichtk\u00f6pfe. Kontaktieren Sie uns gerne f\u00fcr weitere Informationen.\" \/>\n<meta name=\"robots\" content=\"index, follow, max-snippet:-1, max-image-preview:large, max-video-preview:-1\" \/>\n<link rel=\"canonical\" href=\"https:\/\/rotoflux.com\/de\/montagebeispiele\/\" \/>\n<meta property=\"og:locale\" content=\"de_DE\" \/>\n<meta property=\"og:type\" content=\"article\" \/>\n<meta property=\"og:title\" content=\"Montagebeispiele - Rotoflux\" \/>\n<meta property=\"og:description\" content=\"Hier finden Sie Montagebeispiele f\u00fcr Rotoflux-Dichtk\u00f6pfe. Kontaktieren Sie uns gerne f\u00fcr weitere Informationen.\" \/>\n<meta property=\"og:url\" content=\"https:\/\/rotoflux.com\/de\/montagebeispiele\/\" \/>\n<meta property=\"og:site_name\" content=\"Rotoflux\" \/>\n<meta property=\"article:modified_time\" content=\"2025-03-21T13:49:05+00:00\" \/>\n<meta property=\"og:image\" content=\"https:\/\/rotoflux.com\/wp-content\/uploads\/2024\/06\/esempi-di-montaggio-tuboflessibile-1-e1719336727146.png\" \/>\n<meta name=\"twitter:card\" content=\"summary_large_image\" \/>\n<meta name=\"twitter:label1\" content=\"Gesch\u00e4tzte Lesezeit\" \/>\n\t<meta name=\"twitter:data1\" content=\"2\u00a0Minuten\" \/>\n<script type=\"application\/ld+json\" class=\"yoast-schema-graph\">{\"@context\":\"https:\/\/schema.org\",\"@graph\":[{\"@type\":\"WebPage\",\"@id\":\"https:\/\/rotoflux.com\/de\/montagebeispiele\/\",\"url\":\"https:\/\/rotoflux.com\/de\/montagebeispiele\/\",\"name\":\"Montagebeispiele - Rotoflux\",\"isPartOf\":{\"@id\":\"https:\/\/rotoflux.com\/de\/#website\"},\"primaryImageOfPage\":{\"@id\":\"https:\/\/rotoflux.com\/de\/montagebeispiele\/#primaryimage\"},\"image\":{\"@id\":\"https:\/\/rotoflux.com\/de\/montagebeispiele\/#primaryimage\"},\"thumbnailUrl\":\"https:\/\/rotoflux.com\/wp-content\/uploads\/2024\/06\/esempi-di-montaggio-tuboflessibile-1-e1719336727146.png\",\"datePublished\":\"2024-06-25T17:27:31+00:00\",\"dateModified\":\"2025-03-21T13:49:05+00:00\",\"description\":\"Hier finden Sie Montagebeispiele f\u00fcr Rotoflux-Dichtk\u00f6pfe. Kontaktieren Sie uns gerne f\u00fcr weitere Informationen.\",\"breadcrumb\":{\"@id\":\"https:\/\/rotoflux.com\/de\/montagebeispiele\/#breadcrumb\"},\"inLanguage\":\"de\",\"potentialAction\":[{\"@type\":\"ReadAction\",\"target\":[\"https:\/\/rotoflux.com\/de\/montagebeispiele\/\"]}]},{\"@type\":\"ImageObject\",\"inLanguage\":\"de\",\"@id\":\"https:\/\/rotoflux.com\/de\/montagebeispiele\/#primaryimage\",\"url\":\"https:\/\/rotoflux.com\/wp-content\/uploads\/2024\/06\/esempi-di-montaggio-tuboflessibile-1-e1719336727146.png\",\"contentUrl\":\"https:\/\/rotoflux.com\/wp-content\/uploads\/2024\/06\/esempi-di-montaggio-tuboflessibile-1-e1719336727146.png\"},{\"@type\":\"BreadcrumbList\",\"@id\":\"https:\/\/rotoflux.com\/de\/montagebeispiele\/#breadcrumb\",\"itemListElement\":[{\"@type\":\"ListItem\",\"position\":1,\"name\":\"Home\",\"item\":\"https:\/\/rotoflux.com\/de\/\"},{\"@type\":\"ListItem\",\"position\":2,\"name\":\"Montagebeispiele\"}]},{\"@type\":\"WebSite\",\"@id\":\"https:\/\/rotoflux.com\/de\/#website\",\"url\":\"https:\/\/rotoflux.com\/de\/\",\"name\":\"Rotoflux\",\"description\":\"\",\"potentialAction\":[{\"@type\":\"SearchAction\",\"target\":{\"@type\":\"EntryPoint\",\"urlTemplate\":\"https:\/\/rotoflux.com\/de\/?s={search_term_string}\"},\"query-input\":{\"@type\":\"PropertyValueSpecification\",\"valueRequired\":true,\"valueName\":\"search_term_string\"}}],\"inLanguage\":\"de\"}]}<\/script>\n<!-- \/ Yoast SEO plugin. -->","yoast_head_json":{"title":"Montagebeispiele - Rotoflux","description":"Hier finden Sie Montagebeispiele f\u00fcr Rotoflux-Dichtk\u00f6pfe. Kontaktieren Sie uns gerne f\u00fcr weitere Informationen.","robots":{"index":"index","follow":"follow","max-snippet":"max-snippet:-1","max-image-preview":"max-image-preview:large","max-video-preview":"max-video-preview:-1"},"canonical":"https:\/\/rotoflux.com\/de\/montagebeispiele\/","og_locale":"de_DE","og_type":"article","og_title":"Montagebeispiele - Rotoflux","og_description":"Hier finden Sie Montagebeispiele f\u00fcr Rotoflux-Dichtk\u00f6pfe. Kontaktieren Sie uns gerne f\u00fcr weitere Informationen.","og_url":"https:\/\/rotoflux.com\/de\/montagebeispiele\/","og_site_name":"Rotoflux","article_modified_time":"2025-03-21T13:49:05+00:00","og_image":[{"url":"https:\/\/rotoflux.com\/wp-content\/uploads\/2024\/06\/esempi-di-montaggio-tuboflessibile-1-e1719336727146.png","type":"","width":"","height":""}],"twitter_card":"summary_large_image","twitter_misc":{"Gesch\u00e4tzte Lesezeit":"2\u00a0Minuten"},"schema":{"@context":"https:\/\/schema.org","@graph":[{"@type":"WebPage","@id":"https:\/\/rotoflux.com\/de\/montagebeispiele\/","url":"https:\/\/rotoflux.com\/de\/montagebeispiele\/","name":"Montagebeispiele - Rotoflux","isPartOf":{"@id":"https:\/\/rotoflux.com\/de\/#website"},"primaryImageOfPage":{"@id":"https:\/\/rotoflux.com\/de\/montagebeispiele\/#primaryimage"},"image":{"@id":"https:\/\/rotoflux.com\/de\/montagebeispiele\/#primaryimage"},"thumbnailUrl":"https:\/\/rotoflux.com\/wp-content\/uploads\/2024\/06\/esempi-di-montaggio-tuboflessibile-1-e1719336727146.png","datePublished":"2024-06-25T17:27:31+00:00","dateModified":"2025-03-21T13:49:05+00:00","description":"Hier finden Sie Montagebeispiele f\u00fcr Rotoflux-Dichtk\u00f6pfe. Kontaktieren Sie uns gerne f\u00fcr weitere Informationen.","breadcrumb":{"@id":"https:\/\/rotoflux.com\/de\/montagebeispiele\/#breadcrumb"},"inLanguage":"de","potentialAction":[{"@type":"ReadAction","target":["https:\/\/rotoflux.com\/de\/montagebeispiele\/"]}]},{"@type":"ImageObject","inLanguage":"de","@id":"https:\/\/rotoflux.com\/de\/montagebeispiele\/#primaryimage","url":"https:\/\/rotoflux.com\/wp-content\/uploads\/2024\/06\/esempi-di-montaggio-tuboflessibile-1-e1719336727146.png","contentUrl":"https:\/\/rotoflux.com\/wp-content\/uploads\/2024\/06\/esempi-di-montaggio-tuboflessibile-1-e1719336727146.png"},{"@type":"BreadcrumbList","@id":"https:\/\/rotoflux.com\/de\/montagebeispiele\/#breadcrumb","itemListElement":[{"@type":"ListItem","position":1,"name":"Home","item":"https:\/\/rotoflux.com\/de\/"},{"@type":"ListItem","position":2,"name":"Montagebeispiele"}]},{"@type":"WebSite","@id":"https:\/\/rotoflux.com\/de\/#website","url":"https:\/\/rotoflux.com\/de\/","name":"Rotoflux","description":"","potentialAction":[{"@type":"SearchAction","target":{"@type":"EntryPoint","urlTemplate":"https:\/\/rotoflux.com\/de\/?s={search_term_string}"},"query-input":{"@type":"PropertyValueSpecification","valueRequired":true,"valueName":"search_term_string"}}],"inLanguage":"de"}]}},"_links":{"self":[{"href":"https:\/\/rotoflux.com\/de\/wp-json\/wp\/v2\/pages\/3381","targetHints":{"allow":["GET"]}}],"collection":[{"href":"https:\/\/rotoflux.com\/de\/wp-json\/wp\/v2\/pages"}],"about":[{"href":"https:\/\/rotoflux.com\/de\/wp-json\/wp\/v2\/types\/page"}],"author":[{"embeddable":true,"href":"https:\/\/rotoflux.com\/de\/wp-json\/wp\/v2\/users\/1"}],"replies":[{"embeddable":true,"href":"https:\/\/rotoflux.com\/de\/wp-json\/wp\/v2\/comments?post=3381"}],"version-history":[{"count":5,"href":"https:\/\/rotoflux.com\/de\/wp-json\/wp\/v2\/pages\/3381\/revisions"}],"predecessor-version":[{"id":4106,"href":"https:\/\/rotoflux.com\/de\/wp-json\/wp\/v2\/pages\/3381\/revisions\/4106"}],"wp:attachment":[{"href":"https:\/\/rotoflux.com\/de\/wp-json\/wp\/v2\/media?parent=3381"}],"curies":[{"name":"wp","href":"https:\/\/api.w.org\/{rel}","templated":true}]}}