{"id":3380,"date":"2024-06-25T20:02:42","date_gmt":"2024-06-25T18:02:42","guid":{"rendered":"https:\/\/rotoflux.com\/anwendungsbeispiele\/"},"modified":"2025-03-21T14:39:40","modified_gmt":"2025-03-21T13:39:40","slug":"anwendungsbeispiele","status":"publish","type":"page","link":"https:\/\/rotoflux.com\/de\/anwendungsbeispiele\/","title":{"rendered":"Anwendungsbeispiele"},"content":{"rendered":"<div class=\"row\">\n<div class=\"col-md-6\">\n<h4>Roto\ufb02ux Einweg-Ausf\u00fchrung<\/h4>\n<p><img loading=\"lazy\" decoding=\"async\" class=\"alignnone wp-image-3269 size-full\" src=\"https:\/\/rotoflux.com\/wp-content\/uploads\/2024\/06\/1rotoflux-a-un-passaggio.png\" alt=\"\" width=\"1024\" height=\"683\" srcset=\"https:\/\/rotoflux.com\/wp-content\/uploads\/2024\/06\/1rotoflux-a-un-passaggio.png 1024w, https:\/\/rotoflux.com\/wp-content\/uploads\/2024\/06\/1rotoflux-a-un-passaggio-300x200.png 300w, https:\/\/rotoflux.com\/wp-content\/uploads\/2024\/06\/1rotoflux-a-un-passaggio-768x512.png 768w, https:\/\/rotoflux.com\/wp-content\/uploads\/2024\/06\/1rotoflux-a-un-passaggio-560x374.png 560w, https:\/\/rotoflux.com\/wp-content\/uploads\/2024\/06\/1rotoflux-a-un-passaggio-900x600.png 900w\" sizes=\"auto, (max-width: 1024px) 100vw, 1024px\" \/><\/p>\n<\/div>\n<div class=\"col-md-6\">\n<h4 class=\"av-special-heading-tag\">Roto\ufb02ux Zweiwege-Ausf\u00fchrung f\u00fcr stehendes Innenrohr<\/h4>\n<p><img loading=\"lazy\" decoding=\"async\" class=\"alignnone wp-image-3273 size-full\" src=\"https:\/\/rotoflux.com\/wp-content\/uploads\/2024\/06\/2Rotoflux-a-doppio-passaggio-sifone-fisso.png\" alt=\"\" width=\"1024\" height=\"683\" srcset=\"https:\/\/rotoflux.com\/wp-content\/uploads\/2024\/06\/2Rotoflux-a-doppio-passaggio-sifone-fisso.png 1024w, https:\/\/rotoflux.com\/wp-content\/uploads\/2024\/06\/2Rotoflux-a-doppio-passaggio-sifone-fisso-300x200.png 300w, https:\/\/rotoflux.com\/wp-content\/uploads\/2024\/06\/2Rotoflux-a-doppio-passaggio-sifone-fisso-768x512.png 768w, https:\/\/rotoflux.com\/wp-content\/uploads\/2024\/06\/2Rotoflux-a-doppio-passaggio-sifone-fisso-560x374.png 560w, https:\/\/rotoflux.com\/wp-content\/uploads\/2024\/06\/2Rotoflux-a-doppio-passaggio-sifone-fisso-900x600.png 900w\" sizes=\"auto, (max-width: 1024px) 100vw, 1024px\" \/><\/p>\n<\/div>\n<div class=\"col-md-6\">\n<h4 class=\"av-special-heading-tag\">Roto\ufb02ux Zweiwege-Ausf\u00fchrung f\u00fcr rotierendes Innenrohr<\/h4>\n<p><img loading=\"lazy\" decoding=\"async\" class=\"alignnone wp-image-3277 size-full\" src=\"https:\/\/rotoflux.com\/wp-content\/uploads\/2024\/06\/3Rotoflux-a-doppio-passaggio-sifone-rotante.png\" alt=\"\" width=\"1024\" height=\"683\" srcset=\"https:\/\/rotoflux.com\/wp-content\/uploads\/2024\/06\/3Rotoflux-a-doppio-passaggio-sifone-rotante.png 1024w, https:\/\/rotoflux.com\/wp-content\/uploads\/2024\/06\/3Rotoflux-a-doppio-passaggio-sifone-rotante-300x200.png 300w, https:\/\/rotoflux.com\/wp-content\/uploads\/2024\/06\/3Rotoflux-a-doppio-passaggio-sifone-rotante-768x512.png 768w, https:\/\/rotoflux.com\/wp-content\/uploads\/2024\/06\/3Rotoflux-a-doppio-passaggio-sifone-rotante-560x374.png 560w, https:\/\/rotoflux.com\/wp-content\/uploads\/2024\/06\/3Rotoflux-a-doppio-passaggio-sifone-rotante-900x600.png 900w\" sizes=\"auto, (max-width: 1024px) 100vw, 1024px\" \/><\/p>\n<\/div>\n<div class=\"col-md-6\">\n<h4 class=\"av-special-heading-tag\">Montieren von G, UNF Gewinde<\/h4>\n<p><img loading=\"lazy\" decoding=\"async\" class=\"alignnone wp-image-3283 size-full\" src=\"https:\/\/rotoflux.com\/wp-content\/uploads\/2024\/06\/4Montaggio-con-G-filettature-UNF.png\" alt=\"\" width=\"1024\" height=\"683\" srcset=\"https:\/\/rotoflux.com\/wp-content\/uploads\/2024\/06\/4Montaggio-con-G-filettature-UNF.png 1024w, https:\/\/rotoflux.com\/wp-content\/uploads\/2024\/06\/4Montaggio-con-G-filettature-UNF-300x200.png 300w, https:\/\/rotoflux.com\/wp-content\/uploads\/2024\/06\/4Montaggio-con-G-filettature-UNF-768x512.png 768w, https:\/\/rotoflux.com\/wp-content\/uploads\/2024\/06\/4Montaggio-con-G-filettature-UNF-560x374.png 560w, https:\/\/rotoflux.com\/wp-content\/uploads\/2024\/06\/4Montaggio-con-G-filettature-UNF-900x600.png 900w\" sizes=\"auto, (max-width: 1024px) 100vw, 1024px\" \/><\/p>\n<\/div>\n<div class=\"col-md-6\">\n<h4 class=\"av-special-heading-tag\">Montieren von NPT, PT Gewinde<\/h4>\n<p><img loading=\"lazy\" decoding=\"async\" class=\"alignnone wp-image-3287 size-full\" src=\"https:\/\/rotoflux.com\/wp-content\/uploads\/2024\/06\/5Montaggio-con-NPT-filettature-PT.png\" alt=\"\" width=\"1024\" height=\"683\" srcset=\"https:\/\/rotoflux.com\/wp-content\/uploads\/2024\/06\/5Montaggio-con-NPT-filettature-PT.png 1024w, https:\/\/rotoflux.com\/wp-content\/uploads\/2024\/06\/5Montaggio-con-NPT-filettature-PT-300x200.png 300w, https:\/\/rotoflux.com\/wp-content\/uploads\/2024\/06\/5Montaggio-con-NPT-filettature-PT-768x512.png 768w, https:\/\/rotoflux.com\/wp-content\/uploads\/2024\/06\/5Montaggio-con-NPT-filettature-PT-560x374.png 560w, https:\/\/rotoflux.com\/wp-content\/uploads\/2024\/06\/5Montaggio-con-NPT-filettature-PT-900x600.png 900w\" sizes=\"auto, (max-width: 1024px) 100vw, 1024px\" \/><\/p>\n<\/div>\n<div class=\"col-md-6\">\n<h4 class=\"av-special-heading-tag\">Montieren von Gewinde mit F\u00fchrungszapfen f\u00fcr Hochgeschwindigkeitsanwendungen<\/h4>\n<p><img loading=\"lazy\" decoding=\"async\" class=\"alignnone wp-image-3291 size-full\" src=\"https:\/\/rotoflux.com\/wp-content\/uploads\/2024\/06\/6Montaggio-con-filettatura-e-centraggio-per-applicazioni-in-alta-velocita.png\" alt=\"\" width=\"1024\" height=\"683\" srcset=\"https:\/\/rotoflux.com\/wp-content\/uploads\/2024\/06\/6Montaggio-con-filettatura-e-centraggio-per-applicazioni-in-alta-velocita.png 1024w, https:\/\/rotoflux.com\/wp-content\/uploads\/2024\/06\/6Montaggio-con-filettatura-e-centraggio-per-applicazioni-in-alta-velocita-300x200.png 300w, https:\/\/rotoflux.com\/wp-content\/uploads\/2024\/06\/6Montaggio-con-filettatura-e-centraggio-per-applicazioni-in-alta-velocita-768x512.png 768w, https:\/\/rotoflux.com\/wp-content\/uploads\/2024\/06\/6Montaggio-con-filettatura-e-centraggio-per-applicazioni-in-alta-velocita-560x374.png 560w, https:\/\/rotoflux.com\/wp-content\/uploads\/2024\/06\/6Montaggio-con-filettatura-e-centraggio-per-applicazioni-in-alta-velocita-900x600.png 900w\" sizes=\"auto, (max-width: 1024px) 100vw, 1024px\" \/><\/p>\n<\/div>\n<div class=\"col-md-6\">\n<h4 class=\"av-special-heading-tag\">Rotor mit Flanschmontage f\u00fcr Rechts- und Linkslauf<\/h4>\n<p><img loading=\"lazy\" decoding=\"async\" class=\"alignnone size-full wp-image-3295\" src=\"https:\/\/rotoflux.com\/wp-content\/uploads\/2024\/06\/7Montaggio-con-rotore-flangiato-per-rotazioni-sia-destrorse-che-sinistrorse.png\" alt=\"\" width=\"1024\" height=\"683\" srcset=\"https:\/\/rotoflux.com\/wp-content\/uploads\/2024\/06\/7Montaggio-con-rotore-flangiato-per-rotazioni-sia-destrorse-che-sinistrorse.png 1024w, https:\/\/rotoflux.com\/wp-content\/uploads\/2024\/06\/7Montaggio-con-rotore-flangiato-per-rotazioni-sia-destrorse-che-sinistrorse-300x200.png 300w, https:\/\/rotoflux.com\/wp-content\/uploads\/2024\/06\/7Montaggio-con-rotore-flangiato-per-rotazioni-sia-destrorse-che-sinistrorse-768x512.png 768w, https:\/\/rotoflux.com\/wp-content\/uploads\/2024\/06\/7Montaggio-con-rotore-flangiato-per-rotazioni-sia-destrorse-che-sinistrorse-560x374.png 560w, https:\/\/rotoflux.com\/wp-content\/uploads\/2024\/06\/7Montaggio-con-rotore-flangiato-per-rotazioni-sia-destrorse-che-sinistrorse-900x600.png 900w\" sizes=\"auto, (max-width: 1024px) 100vw, 1024px\" \/><\/p>\n<\/div>\n<div class=\"col-md-6\">\n<h4 class=\"av-special-heading-tag\">Zweiteilige Siphonrohrbaugruppe, f\u00fcr Anwendungen mit sehr langen Siphonrohren oder hohen Geschwindigkeiten<\/h4>\n<p><img loading=\"lazy\" decoding=\"async\" class=\"alignnone size-full wp-image-3299\" src=\"https:\/\/rotoflux.com\/wp-content\/uploads\/2024\/06\/8Montaggio-con-tubo-sifone-in-due-parti-per-applicazioni-con-tubi-sifoni-molto-lunghi-o-alte-velocita.png\" alt=\"\" width=\"1024\" height=\"683\" srcset=\"https:\/\/rotoflux.com\/wp-content\/uploads\/2024\/06\/8Montaggio-con-tubo-sifone-in-due-parti-per-applicazioni-con-tubi-sifoni-molto-lunghi-o-alte-velocita.png 1024w, https:\/\/rotoflux.com\/wp-content\/uploads\/2024\/06\/8Montaggio-con-tubo-sifone-in-due-parti-per-applicazioni-con-tubi-sifoni-molto-lunghi-o-alte-velocita-300x200.png 300w, https:\/\/rotoflux.com\/wp-content\/uploads\/2024\/06\/8Montaggio-con-tubo-sifone-in-due-parti-per-applicazioni-con-tubi-sifoni-molto-lunghi-o-alte-velocita-768x512.png 768w, https:\/\/rotoflux.com\/wp-content\/uploads\/2024\/06\/8Montaggio-con-tubo-sifone-in-due-parti-per-applicazioni-con-tubi-sifoni-molto-lunghi-o-alte-velocita-560x374.png 560w, https:\/\/rotoflux.com\/wp-content\/uploads\/2024\/06\/8Montaggio-con-tubo-sifone-in-due-parti-per-applicazioni-con-tubi-sifoni-molto-lunghi-o-alte-velocita-900x600.png 900w\" sizes=\"auto, (max-width: 1024px) 100vw, 1024px\" \/><\/p>\n<\/div>\n<\/div>\n<p style=\"text-align: center;\"><a class=\"cta\" href=\"https:\/\/rotoflux.com\/wp-content\/uploads\/2024\/07\/esempi-applicativi.pdf\" target=\"_blank\" rel=\"noopener\"><span class=\"rotation\">Anwendungsbeispiele herunterladen<\/span><\/a><\/p>\n","protected":false},"excerpt":{"rendered":"<p>Roto\ufb02ux Einweg-Ausf\u00fchrung Roto\ufb02ux Zweiwege-Ausf\u00fchrung f\u00fcr stehendes Innenrohr Roto\ufb02ux Zweiwege-Ausf\u00fchrung f\u00fcr rotierendes Innenrohr Montieren von G, UNF Gewinde Montieren von NPT, PT Gewinde Montieren von Gewinde mit F\u00fchrungszapfen f\u00fcr Hochgeschwindigkeitsanwendungen Rotor mit Flanschmontage f\u00fcr Rechts- und Linkslauf Zweiteilige Siphonrohrbaugruppe, f\u00fcr Anwendungen mit sehr langen Siphonrohren oder hohen Geschwindigkeiten Anwendungsbeispiele herunterladen<\/p>\n","protected":false},"author":1,"featured_media":0,"parent":0,"menu_order":0,"comment_status":"closed","ping_status":"closed","template":"template-utility.php","meta":{"_acf_changed":false,"footnotes":""},"class_list":["post-3380","page","type-page","status-publish","hentry"],"acf":[],"yoast_head":"<!-- This site is optimized with the Yoast SEO plugin v25.5 - https:\/\/yoast.com\/wordpress\/plugins\/seo\/ -->\n<title>Anwendungsbeispiele - Rotoflux<\/title>\n<meta name=\"description\" content=\"In diesem Abschnitt finden Sie einige Anwendungsbeispiele f\u00fcr Rotoflux-Dichtk\u00f6pfe. Bitte kontaktieren Sie uns f\u00fcr weitere Informationen.\" \/>\n<meta name=\"robots\" content=\"index, follow, max-snippet:-1, max-image-preview:large, max-video-preview:-1\" \/>\n<link rel=\"canonical\" href=\"https:\/\/rotoflux.com\/de\/anwendungsbeispiele\/\" \/>\n<meta property=\"og:locale\" content=\"de_DE\" \/>\n<meta property=\"og:type\" content=\"article\" \/>\n<meta property=\"og:title\" content=\"Anwendungsbeispiele - Rotoflux\" \/>\n<meta property=\"og:description\" content=\"In diesem Abschnitt finden Sie einige Anwendungsbeispiele f\u00fcr Rotoflux-Dichtk\u00f6pfe. Bitte kontaktieren Sie uns f\u00fcr weitere Informationen.\" \/>\n<meta property=\"og:url\" content=\"https:\/\/rotoflux.com\/de\/anwendungsbeispiele\/\" \/>\n<meta property=\"og:site_name\" content=\"Rotoflux\" \/>\n<meta property=\"article:modified_time\" content=\"2025-03-21T13:39:40+00:00\" \/>\n<meta property=\"og:image\" content=\"https:\/\/rotoflux.com\/wp-content\/uploads\/2024\/06\/1rotoflux-a-un-passaggio.png\" \/>\n<meta name=\"twitter:card\" content=\"summary_large_image\" \/>\n<meta name=\"twitter:label1\" content=\"Gesch\u00e4tzte Lesezeit\" \/>\n\t<meta name=\"twitter:data1\" content=\"2\u00a0Minuten\" \/>\n<script type=\"application\/ld+json\" class=\"yoast-schema-graph\">{\"@context\":\"https:\/\/schema.org\",\"@graph\":[{\"@type\":\"WebPage\",\"@id\":\"https:\/\/rotoflux.com\/de\/anwendungsbeispiele\/\",\"url\":\"https:\/\/rotoflux.com\/de\/anwendungsbeispiele\/\",\"name\":\"Anwendungsbeispiele - Rotoflux\",\"isPartOf\":{\"@id\":\"https:\/\/rotoflux.com\/de\/#website\"},\"primaryImageOfPage\":{\"@id\":\"https:\/\/rotoflux.com\/de\/anwendungsbeispiele\/#primaryimage\"},\"image\":{\"@id\":\"https:\/\/rotoflux.com\/de\/anwendungsbeispiele\/#primaryimage\"},\"thumbnailUrl\":\"https:\/\/rotoflux.com\/wp-content\/uploads\/2024\/06\/1rotoflux-a-un-passaggio.png\",\"datePublished\":\"2024-06-25T18:02:42+00:00\",\"dateModified\":\"2025-03-21T13:39:40+00:00\",\"description\":\"In diesem Abschnitt finden Sie einige Anwendungsbeispiele f\u00fcr Rotoflux-Dichtk\u00f6pfe. Bitte kontaktieren Sie uns f\u00fcr weitere Informationen.\",\"breadcrumb\":{\"@id\":\"https:\/\/rotoflux.com\/de\/anwendungsbeispiele\/#breadcrumb\"},\"inLanguage\":\"de\",\"potentialAction\":[{\"@type\":\"ReadAction\",\"target\":[\"https:\/\/rotoflux.com\/de\/anwendungsbeispiele\/\"]}]},{\"@type\":\"ImageObject\",\"inLanguage\":\"de\",\"@id\":\"https:\/\/rotoflux.com\/de\/anwendungsbeispiele\/#primaryimage\",\"url\":\"https:\/\/rotoflux.com\/wp-content\/uploads\/2024\/06\/1rotoflux-a-un-passaggio.png\",\"contentUrl\":\"https:\/\/rotoflux.com\/wp-content\/uploads\/2024\/06\/1rotoflux-a-un-passaggio.png\"},{\"@type\":\"BreadcrumbList\",\"@id\":\"https:\/\/rotoflux.com\/de\/anwendungsbeispiele\/#breadcrumb\",\"itemListElement\":[{\"@type\":\"ListItem\",\"position\":1,\"name\":\"Home\",\"item\":\"https:\/\/rotoflux.com\/de\/\"},{\"@type\":\"ListItem\",\"position\":2,\"name\":\"Anwendungsbeispiele\"}]},{\"@type\":\"WebSite\",\"@id\":\"https:\/\/rotoflux.com\/de\/#website\",\"url\":\"https:\/\/rotoflux.com\/de\/\",\"name\":\"Rotoflux\",\"description\":\"\",\"potentialAction\":[{\"@type\":\"SearchAction\",\"target\":{\"@type\":\"EntryPoint\",\"urlTemplate\":\"https:\/\/rotoflux.com\/de\/?s={search_term_string}\"},\"query-input\":{\"@type\":\"PropertyValueSpecification\",\"valueRequired\":true,\"valueName\":\"search_term_string\"}}],\"inLanguage\":\"de\"}]}<\/script>\n<!-- \/ Yoast SEO plugin. -->","yoast_head_json":{"title":"Anwendungsbeispiele - Rotoflux","description":"In diesem Abschnitt finden Sie einige Anwendungsbeispiele f\u00fcr Rotoflux-Dichtk\u00f6pfe. Bitte kontaktieren Sie uns f\u00fcr weitere Informationen.","robots":{"index":"index","follow":"follow","max-snippet":"max-snippet:-1","max-image-preview":"max-image-preview:large","max-video-preview":"max-video-preview:-1"},"canonical":"https:\/\/rotoflux.com\/de\/anwendungsbeispiele\/","og_locale":"de_DE","og_type":"article","og_title":"Anwendungsbeispiele - Rotoflux","og_description":"In diesem Abschnitt finden Sie einige Anwendungsbeispiele f\u00fcr Rotoflux-Dichtk\u00f6pfe. Bitte kontaktieren Sie uns f\u00fcr weitere Informationen.","og_url":"https:\/\/rotoflux.com\/de\/anwendungsbeispiele\/","og_site_name":"Rotoflux","article_modified_time":"2025-03-21T13:39:40+00:00","og_image":[{"url":"https:\/\/rotoflux.com\/wp-content\/uploads\/2024\/06\/1rotoflux-a-un-passaggio.png","type":"","width":"","height":""}],"twitter_card":"summary_large_image","twitter_misc":{"Gesch\u00e4tzte Lesezeit":"2\u00a0Minuten"},"schema":{"@context":"https:\/\/schema.org","@graph":[{"@type":"WebPage","@id":"https:\/\/rotoflux.com\/de\/anwendungsbeispiele\/","url":"https:\/\/rotoflux.com\/de\/anwendungsbeispiele\/","name":"Anwendungsbeispiele - Rotoflux","isPartOf":{"@id":"https:\/\/rotoflux.com\/de\/#website"},"primaryImageOfPage":{"@id":"https:\/\/rotoflux.com\/de\/anwendungsbeispiele\/#primaryimage"},"image":{"@id":"https:\/\/rotoflux.com\/de\/anwendungsbeispiele\/#primaryimage"},"thumbnailUrl":"https:\/\/rotoflux.com\/wp-content\/uploads\/2024\/06\/1rotoflux-a-un-passaggio.png","datePublished":"2024-06-25T18:02:42+00:00","dateModified":"2025-03-21T13:39:40+00:00","description":"In diesem Abschnitt finden Sie einige Anwendungsbeispiele f\u00fcr Rotoflux-Dichtk\u00f6pfe. Bitte kontaktieren Sie uns f\u00fcr weitere Informationen.","breadcrumb":{"@id":"https:\/\/rotoflux.com\/de\/anwendungsbeispiele\/#breadcrumb"},"inLanguage":"de","potentialAction":[{"@type":"ReadAction","target":["https:\/\/rotoflux.com\/de\/anwendungsbeispiele\/"]}]},{"@type":"ImageObject","inLanguage":"de","@id":"https:\/\/rotoflux.com\/de\/anwendungsbeispiele\/#primaryimage","url":"https:\/\/rotoflux.com\/wp-content\/uploads\/2024\/06\/1rotoflux-a-un-passaggio.png","contentUrl":"https:\/\/rotoflux.com\/wp-content\/uploads\/2024\/06\/1rotoflux-a-un-passaggio.png"},{"@type":"BreadcrumbList","@id":"https:\/\/rotoflux.com\/de\/anwendungsbeispiele\/#breadcrumb","itemListElement":[{"@type":"ListItem","position":1,"name":"Home","item":"https:\/\/rotoflux.com\/de\/"},{"@type":"ListItem","position":2,"name":"Anwendungsbeispiele"}]},{"@type":"WebSite","@id":"https:\/\/rotoflux.com\/de\/#website","url":"https:\/\/rotoflux.com\/de\/","name":"Rotoflux","description":"","potentialAction":[{"@type":"SearchAction","target":{"@type":"EntryPoint","urlTemplate":"https:\/\/rotoflux.com\/de\/?s={search_term_string}"},"query-input":{"@type":"PropertyValueSpecification","valueRequired":true,"valueName":"search_term_string"}}],"inLanguage":"de"}]}},"_links":{"self":[{"href":"https:\/\/rotoflux.com\/de\/wp-json\/wp\/v2\/pages\/3380","targetHints":{"allow":["GET"]}}],"collection":[{"href":"https:\/\/rotoflux.com\/de\/wp-json\/wp\/v2\/pages"}],"about":[{"href":"https:\/\/rotoflux.com\/de\/wp-json\/wp\/v2\/types\/page"}],"author":[{"embeddable":true,"href":"https:\/\/rotoflux.com\/de\/wp-json\/wp\/v2\/users\/1"}],"replies":[{"embeddable":true,"href":"https:\/\/rotoflux.com\/de\/wp-json\/wp\/v2\/comments?post=3380"}],"version-history":[{"count":7,"href":"https:\/\/rotoflux.com\/de\/wp-json\/wp\/v2\/pages\/3380\/revisions"}],"predecessor-version":[{"id":4102,"href":"https:\/\/rotoflux.com\/de\/wp-json\/wp\/v2\/pages\/3380\/revisions\/4102"}],"wp:attachment":[{"href":"https:\/\/rotoflux.com\/de\/wp-json\/wp\/v2\/media?parent=3380"}],"curies":[{"name":"wp","href":"https:\/\/api.w.org\/{rel}","templated":true}]}}