{"id":3379,"date":"2024-06-25T20:29:40","date_gmt":"2024-06-25T18:29:40","guid":{"rendered":"https:\/\/rotoflux.com\/antragsformular\/"},"modified":"2025-03-21T15:28:47","modified_gmt":"2025-03-21T14:28:47","slug":"antragsformular","status":"publish","type":"page","link":"https:\/\/rotoflux.com\/de\/antragsformular\/","title":{"rendered":"Anfrageformular"},"content":{"rendered":"<p>F\u00fcllen Sie das untenstehende Formular aus und Sie erhalten eine E-Mail mit dem Angebot, der Lieferfrist und der Zahlungsmethode . Sobald die Zahlung erfolgt ist, werden wir Ihnen das gekaufte Produkt zusenden. \n<div class=\"wpcf7 no-js\" id=\"wpcf7-f3357-o1\" lang=\"de-DE\" dir=\"ltr\" data-wpcf7-id=\"3357\">\n<div class=\"screen-reader-response\"><p role=\"status\" aria-live=\"polite\" aria-atomic=\"true\"><\/p> <ul><\/ul><\/div>\n<form action=\"\/de\/wp-json\/wp\/v2\/pages\/3379#wpcf7-f3357-o1\" method=\"post\" class=\"wpcf7-form init\" aria-label=\"Kontaktformular\" novalidate=\"novalidate\" data-status=\"init\">\n<fieldset class=\"hidden-fields-container\"><input type=\"hidden\" name=\"_wpcf7\" value=\"3357\" \/><input type=\"hidden\" name=\"_wpcf7_version\" value=\"6.1\" \/><input type=\"hidden\" name=\"_wpcf7_locale\" value=\"de_DE\" \/><input type=\"hidden\" name=\"_wpcf7_unit_tag\" value=\"wpcf7-f3357-o1\" \/><input type=\"hidden\" name=\"_wpcf7_container_post\" value=\"0\" \/><input type=\"hidden\" name=\"_wpcf7_posted_data_hash\" value=\"\" \/>\n<\/fieldset>\n<div class=\"row\">\n<div class=\"col-md-6\">\n<label for=\"azienda\">Unternehmen *<\/label>\n<span class=\"wpcf7-form-control-wrap\" data-name=\"azienda\"><input size=\"40\" maxlength=\"400\" class=\"wpcf7-form-control wpcf7-text wpcf7-validates-as-required form-control\" aria-required=\"true\" aria-invalid=\"false\" value=\"\" type=\"text\" name=\"azienda\" \/><\/span>\n<\/div>\n<div class=\"col-md-6\">\n<label for=\"Nome\">Name *<\/label>\n<span class=\"wpcf7-form-control-wrap\" data-name=\"nome\"><input size=\"40\" maxlength=\"400\" class=\"wpcf7-form-control wpcf7-text wpcf7-validates-as-required form-control\" aria-required=\"true\" aria-invalid=\"false\" value=\"\" type=\"text\" name=\"nome\" \/><\/span>\n<\/div>\n<\/div>\n<div class=\"row\">\n<div class=\"col-md-6\">\n<label for=\"telefono\">Telefon<\/label>\n<span class=\"wpcf7-form-control-wrap\" data-name=\"telefono\"><input size=\"40\" maxlength=\"400\" class=\"wpcf7-form-control wpcf7-text form-control\" aria-invalid=\"false\" value=\"\" type=\"text\" name=\"telefono\" \/><\/span>\n<\/div>\n<div class=\"col-md-6\">\n<label for=\"fax\">Fax<\/label>\n<span class=\"wpcf7-form-control-wrap\" data-name=\"fax\"><input size=\"40\" maxlength=\"400\" class=\"wpcf7-form-control wpcf7-text form-control\" aria-invalid=\"false\" value=\"\" type=\"text\" name=\"fax\" \/><\/span>\n<\/div>\n<div class=\"col-md-6\">\n<label for=\"email\">E-Mail *<\/label>\n<span class=\"wpcf7-form-control-wrap\" data-name=\"email\"><input size=\"40\" maxlength=\"400\" class=\"wpcf7-form-control wpcf7-email wpcf7-validates-as-required wpcf7-text wpcf7-validates-as-email form-control\" aria-required=\"true\" aria-invalid=\"false\" value=\"\" type=\"email\" name=\"email\" \/><\/span>\n<\/div>\n<div class=\"col-md-6\">\n<label for=\"sitoweb\">Website<\/label>\n<span class=\"wpcf7-form-control-wrap\" data-name=\"sitoweb\"><input size=\"40\" maxlength=\"400\" class=\"wpcf7-form-control wpcf7-text wpcf7-validates-as-required form-control\" aria-required=\"true\" aria-invalid=\"false\" value=\"\" type=\"text\" name=\"sitoweb\" \/><\/span>\n<\/div>\n<\/div>\n<div class=\"row\">\n<div class=\"col-md-6\">\n<label for=\"fluido\">Medium<\/label>\n<span class=\"wpcf7-form-control-wrap\" data-name=\"fluido\"><input size=\"40\" maxlength=\"400\" class=\"wpcf7-form-control wpcf7-text form-control\" aria-invalid=\"false\" value=\"\" type=\"text\" name=\"fluido\" \/><\/span>\n<\/div>\n<div class=\"col-md-6\">\n<label for=\"filtraggio\">Filtrierung<\/label>\n<span class=\"wpcf7-form-control-wrap\" data-name=\"filtraggio\"><input size=\"40\" maxlength=\"400\" class=\"wpcf7-form-control wpcf7-text form-control\" aria-invalid=\"false\" value=\"\" type=\"text\" name=\"filtraggio\" \/><\/span>\n<\/div>\n<div class=\"col-md-6\">\n<label for=\"pressione\">Druck<\/label>\n<span class=\"wpcf7-form-control-wrap\" data-name=\"pressione\"><input size=\"40\" maxlength=\"400\" class=\"wpcf7-form-control wpcf7-text form-control\" aria-invalid=\"false\" value=\"\" type=\"text\" name=\"pressione\" \/><\/span>\n<\/div>\n<div class=\"col-md-6\">\n<label for=\"rotazione\">Drehzahl<\/label>\n<span class=\"wpcf7-form-control-wrap\" data-name=\"rotazione\"><input size=\"40\" maxlength=\"400\" class=\"wpcf7-form-control wpcf7-text form-control\" aria-invalid=\"false\" value=\"\" type=\"text\" name=\"rotazione\" \/><\/span>\n<\/div>\n<div class=\"col-md-6\">\n<label for=\"applicazione\">Anwendung\/ Einsatzbereich<\/label>\n<span class=\"wpcf7-form-control-wrap\" data-name=\"applicazione\"><input size=\"40\" maxlength=\"400\" class=\"wpcf7-form-control wpcf7-text form-control\" aria-invalid=\"false\" value=\"\" type=\"text\" name=\"applicazione\" \/><\/span>\n<\/div>\n<div class=\"col-md-6\">\n<label for=\"passaggi\">Anzahl der Kan\u00e4le<\/label>\n<span class=\"wpcf7-form-control-wrap\" data-name=\"passaggi\"><input size=\"40\" maxlength=\"400\" class=\"wpcf7-form-control wpcf7-text form-control\" aria-invalid=\"false\" value=\"\" type=\"text\" name=\"passaggi\" \/><\/span>\n<\/div>\n<div class=\"col-md-6\">\n<label for=\"giunto\">Baugr\u00f6sse<\/label>\n<span class=\"wpcf7-form-control-wrap\" data-name=\"giunto\"><input size=\"40\" maxlength=\"400\" class=\"wpcf7-form-control wpcf7-text form-control\" aria-invalid=\"false\" value=\"\" type=\"text\" name=\"giunto\" \/><\/span>\n<\/div>\n<div class=\"col-md-6\">\n<label for=\"quantita\">Bedarf (St\u00fcckzahl)<\/label>\n<span class=\"wpcf7-form-control-wrap\" data-name=\"quantita\"><input size=\"40\" maxlength=\"400\" class=\"wpcf7-form-control wpcf7-text form-control\" aria-invalid=\"false\" value=\"\" type=\"text\" name=\"quantita\" \/><\/span>\n<\/div>\n<div class=\"col-md-6\">\n<label for=\"consumo\">Jahresbedarf<\/label>\n<span class=\"wpcf7-form-control-wrap\" data-name=\"consumo\"><input size=\"40\" maxlength=\"400\" class=\"wpcf7-form-control wpcf7-text form-control\" aria-invalid=\"false\" value=\"\" type=\"text\" name=\"consumo\" \/><\/span>\n<\/div>\n<\/div>\n<div class=\"row\">\n<div class=\"col-md-12\">\n<label for=\"note\">Anmerkungen<\/label>\n<span class=\"wpcf7-form-control-wrap\" data-name=\"note\"><textarea cols=\"40\" rows=\"10\" maxlength=\"2000\" class=\"wpcf7-form-control wpcf7-textarea form-control\" aria-invalid=\"false\" name=\"note\"><\/textarea><\/span>\n<\/div>\n<\/div>\n<div class=\"row\">\n<div class=\"col-md-12\">\n<span class=\"wpcf7-form-control-wrap\" data-name=\"privacy\"><span class=\"wpcf7-form-control wpcf7-acceptance\"><span class=\"wpcf7-list-item\"><label><input type=\"checkbox\" name=\"privacy\" value=\"1\" aria-invalid=\"false\" \/><span class=\"wpcf7-list-item-label\">Ich stimme der Verarbeitung meiner personenbezogenen Daten gem\u00e4\u00df GDPR 679\/2016 zu *<\/span><\/label><\/span><\/span><\/span>\n<p>Rotoflux Srl, nachdem ich die Datenschutzbestimmungen sorgf\u00e4ltig gelesen und die Merkmale der Verarbeitung meiner pers\u00f6nlichen Daten, die Sie vornehmen werden, verstanden habe, erteile ich Ihnen meine freie, spezifische, informierte und eindeutige Zustimmung zur Verarbeitung dieser pers\u00f6nlichen Daten f\u00fcr die in den vorgenannten Bestimmungen angegebenen Zwecke oder um kontaktiert zu werden, um weitere Informationen \u00fcber Ihre Dienstleistungen zu erhalten. <\/p>\n<\/div>\n<\/div>\n<div class=\"row\">\n<div class=\"col-md-12\">\n<input class=\"wpcf7-form-control wpcf7-submit has-spinner cta-button\" type=\"submit\" value=\"Senden\" \/>\n<\/div>\n<\/div><div class=\"wpcf7-response-output\" aria-hidden=\"true\"><\/div>\n<\/form>\n<\/div>\n<\/p>\n","protected":false},"excerpt":{"rendered":"<p>F\u00fcllen Sie das untenstehende Formular aus und Sie erhalten eine E-Mail mit dem Angebot, der Lieferfrist und der Zahlungsmethode . Sobald die Zahlung erfolgt ist, werden wir Ihnen das gekaufte Produkt zusenden.<\/p>\n","protected":false},"author":1,"featured_media":0,"parent":0,"menu_order":0,"comment_status":"closed","ping_status":"closed","template":"template-richiesta.php","meta":{"_acf_changed":false,"footnotes":""},"class_list":["post-3379","page","type-page","status-publish","hentry"],"acf":[],"yoast_head":"<!-- This site is optimized with the Yoast SEO plugin v25.5 - https:\/\/yoast.com\/wordpress\/plugins\/seo\/ -->\n<title>Anfrageformular - Rotoflux<\/title>\n<meta name=\"description\" content=\"F\u00fcllen Sie das Formular aus \u2013 Sie erhalten per E-Mail unser Angebot, Infos zur Lieferzeit und zur Zahlungsmethode.\" \/>\n<meta name=\"robots\" content=\"index, follow, max-snippet:-1, max-image-preview:large, max-video-preview:-1\" \/>\n<link rel=\"canonical\" href=\"https:\/\/rotoflux.com\/de\/antragsformular\/\" \/>\n<meta property=\"og:locale\" content=\"de_DE\" \/>\n<meta property=\"og:type\" content=\"article\" \/>\n<meta property=\"og:title\" content=\"Anfrageformular - Rotoflux\" \/>\n<meta property=\"og:description\" content=\"F\u00fcllen Sie das Formular aus \u2013 Sie erhalten per E-Mail unser Angebot, Infos zur Lieferzeit und zur Zahlungsmethode.\" \/>\n<meta property=\"og:url\" content=\"https:\/\/rotoflux.com\/de\/antragsformular\/\" \/>\n<meta property=\"og:site_name\" content=\"Rotoflux\" \/>\n<meta property=\"article:modified_time\" content=\"2025-03-21T14:28:47+00:00\" \/>\n<meta name=\"twitter:card\" content=\"summary_large_image\" \/>\n<meta name=\"twitter:label1\" content=\"Gesch\u00e4tzte Lesezeit\" \/>\n\t<meta name=\"twitter:data1\" content=\"1\u00a0Minute\" \/>\n<script type=\"application\/ld+json\" class=\"yoast-schema-graph\">{\"@context\":\"https:\/\/schema.org\",\"@graph\":[{\"@type\":\"WebPage\",\"@id\":\"https:\/\/rotoflux.com\/de\/antragsformular\/\",\"url\":\"https:\/\/rotoflux.com\/de\/antragsformular\/\",\"name\":\"Anfrageformular - Rotoflux\",\"isPartOf\":{\"@id\":\"https:\/\/rotoflux.com\/de\/#website\"},\"datePublished\":\"2024-06-25T18:29:40+00:00\",\"dateModified\":\"2025-03-21T14:28:47+00:00\",\"description\":\"F\u00fcllen Sie das Formular aus \u2013 Sie erhalten per E-Mail unser Angebot, Infos zur Lieferzeit und zur Zahlungsmethode.\",\"breadcrumb\":{\"@id\":\"https:\/\/rotoflux.com\/de\/antragsformular\/#breadcrumb\"},\"inLanguage\":\"de\",\"potentialAction\":[{\"@type\":\"ReadAction\",\"target\":[\"https:\/\/rotoflux.com\/de\/antragsformular\/\"]}]},{\"@type\":\"BreadcrumbList\",\"@id\":\"https:\/\/rotoflux.com\/de\/antragsformular\/#breadcrumb\",\"itemListElement\":[{\"@type\":\"ListItem\",\"position\":1,\"name\":\"Home\",\"item\":\"https:\/\/rotoflux.com\/de\/\"},{\"@type\":\"ListItem\",\"position\":2,\"name\":\"Anfrageformular\"}]},{\"@type\":\"WebSite\",\"@id\":\"https:\/\/rotoflux.com\/de\/#website\",\"url\":\"https:\/\/rotoflux.com\/de\/\",\"name\":\"Rotoflux\",\"description\":\"\",\"potentialAction\":[{\"@type\":\"SearchAction\",\"target\":{\"@type\":\"EntryPoint\",\"urlTemplate\":\"https:\/\/rotoflux.com\/de\/?s={search_term_string}\"},\"query-input\":{\"@type\":\"PropertyValueSpecification\",\"valueRequired\":true,\"valueName\":\"search_term_string\"}}],\"inLanguage\":\"de\"}]}<\/script>\n<!-- \/ Yoast SEO plugin. -->","yoast_head_json":{"title":"Anfrageformular - Rotoflux","description":"F\u00fcllen Sie das Formular aus \u2013 Sie erhalten per E-Mail unser Angebot, Infos zur Lieferzeit und zur Zahlungsmethode.","robots":{"index":"index","follow":"follow","max-snippet":"max-snippet:-1","max-image-preview":"max-image-preview:large","max-video-preview":"max-video-preview:-1"},"canonical":"https:\/\/rotoflux.com\/de\/antragsformular\/","og_locale":"de_DE","og_type":"article","og_title":"Anfrageformular - Rotoflux","og_description":"F\u00fcllen Sie das Formular aus \u2013 Sie erhalten per E-Mail unser Angebot, Infos zur Lieferzeit und zur Zahlungsmethode.","og_url":"https:\/\/rotoflux.com\/de\/antragsformular\/","og_site_name":"Rotoflux","article_modified_time":"2025-03-21T14:28:47+00:00","twitter_card":"summary_large_image","twitter_misc":{"Gesch\u00e4tzte Lesezeit":"1\u00a0Minute"},"schema":{"@context":"https:\/\/schema.org","@graph":[{"@type":"WebPage","@id":"https:\/\/rotoflux.com\/de\/antragsformular\/","url":"https:\/\/rotoflux.com\/de\/antragsformular\/","name":"Anfrageformular - Rotoflux","isPartOf":{"@id":"https:\/\/rotoflux.com\/de\/#website"},"datePublished":"2024-06-25T18:29:40+00:00","dateModified":"2025-03-21T14:28:47+00:00","description":"F\u00fcllen Sie das Formular aus \u2013 Sie erhalten per E-Mail unser Angebot, Infos zur Lieferzeit und zur Zahlungsmethode.","breadcrumb":{"@id":"https:\/\/rotoflux.com\/de\/antragsformular\/#breadcrumb"},"inLanguage":"de","potentialAction":[{"@type":"ReadAction","target":["https:\/\/rotoflux.com\/de\/antragsformular\/"]}]},{"@type":"BreadcrumbList","@id":"https:\/\/rotoflux.com\/de\/antragsformular\/#breadcrumb","itemListElement":[{"@type":"ListItem","position":1,"name":"Home","item":"https:\/\/rotoflux.com\/de\/"},{"@type":"ListItem","position":2,"name":"Anfrageformular"}]},{"@type":"WebSite","@id":"https:\/\/rotoflux.com\/de\/#website","url":"https:\/\/rotoflux.com\/de\/","name":"Rotoflux","description":"","potentialAction":[{"@type":"SearchAction","target":{"@type":"EntryPoint","urlTemplate":"https:\/\/rotoflux.com\/de\/?s={search_term_string}"},"query-input":{"@type":"PropertyValueSpecification","valueRequired":true,"valueName":"search_term_string"}}],"inLanguage":"de"}]}},"_links":{"self":[{"href":"https:\/\/rotoflux.com\/de\/wp-json\/wp\/v2\/pages\/3379","targetHints":{"allow":["GET"]}}],"collection":[{"href":"https:\/\/rotoflux.com\/de\/wp-json\/wp\/v2\/pages"}],"about":[{"href":"https:\/\/rotoflux.com\/de\/wp-json\/wp\/v2\/types\/page"}],"author":[{"embeddable":true,"href":"https:\/\/rotoflux.com\/de\/wp-json\/wp\/v2\/users\/1"}],"replies":[{"embeddable":true,"href":"https:\/\/rotoflux.com\/de\/wp-json\/wp\/v2\/comments?post=3379"}],"version-history":[{"count":3,"href":"https:\/\/rotoflux.com\/de\/wp-json\/wp\/v2\/pages\/3379\/revisions"}],"predecessor-version":[{"id":3922,"href":"https:\/\/rotoflux.com\/de\/wp-json\/wp\/v2\/pages\/3379\/revisions\/3922"}],"wp:attachment":[{"href":"https:\/\/rotoflux.com\/de\/wp-json\/wp\/v2\/media?parent=3379"}],"curies":[{"name":"wp","href":"https:\/\/api.w.org\/{rel}","templated":true}]}}